{"id":3,"date":"2025-02-27T11:41:15","date_gmt":"2025-02-27T11:41:15","guid":{"rendered":"https:\/\/ey-praxis.com\/?page_id=3"},"modified":"2025-06-19T10:25:17","modified_gmt":"2025-06-19T10:25:17","slug":"datenschutz-und-cookie-richtlinie","status":"publish","type":"page","link":"https:\/\/ey-praxis.com\/de\/datenschutz-und-cookie-richtlinie\/","title":{"rendered":"Datenschutz- und Cookie-Richtlinie"},"content":{"rendered":"<h3 draggable=\"false\" data-pm-slice=\"1 1 []\" data-en-clipboard=\"true\"><b>WER WIR SIND<\/b><\/h3>\n<div draggable=\"false\" data-pm-slice=\"1 1 []\" data-en-clipboard=\"true\">Unsere Website lautet: <a draggable=\"false\" href=\"https:\/\/ey-praxis.com\" rev=\"en_rl_none\">ey-praxis.com<\/a>, im Folgenden als \u201eWebsite\u201c bezeichnet.<\/div>\n<div draggable=\"false\" data-pm-slice=\"1 1 []\" data-en-clipboard=\"true\"><\/div>\n<h3 draggable=\"false\"><b>WELCHE PERSONENBEZOGENEN DATEN WIR ERHEBEN<\/b><\/h3>\n<div draggable=\"false\"><strong>Durch das Ausf\u00fcllen des Bestellformulars, Kontaktformulars, Kommentarformulars oder das Abonnieren des Newsletters<\/strong>: Vorname, Nachname, Lieferadresse, Rechnungsadresse, E-Mail-Adresse.<\/div>\n<div draggable=\"false\"><strong>Durch Google Analytics oder Cookies<\/strong>: IP-Adressen, Informationen \u00fcber das Betriebssystem, verwendete Browser und Ger\u00e4tetypen, Land\/Stadt des Zugriffs, Datum und Dauer des Besuchs, besuchte Seiten, Anzahl der Seitenaufrufe usw.<\/div>\n<div draggable=\"false\"><\/div>\n<h3 draggable=\"false\"><b>WIE WIR PERSONENBEZOGENE DATEN ERHEBEN<\/b><\/h3>\n<div draggable=\"false\">Die Website sammelt Informationen von Nutzern auf folgende Weise:<br \/>\n\u2013 <strong>Direkt vom Nutzer<\/strong>: Newsletter-Abonnement, Ausf\u00fcllen von Kontakt- oder Kommentarfeldern<br \/>\n\u2013 <strong>Indirekt<\/strong>: aus den Berichten des externen Monitoringdienstes Google Analytics oder \u00fcber Cookies.<\/div>\n<div draggable=\"false\"><\/div>\n<h3 draggable=\"false\"><b>ZWECK DER DATENERHEBUNG<\/b><\/h3>\n<div draggable=\"false\">Die direkt \u00fcber Formulare bereitgestellten Daten werden ben\u00f6tigt, um bestellte Produkte zu liefern, die betroffene Person zu identifizieren, Kontakt aufzunehmen oder sich an Diskussionen zu beteiligen. Die \u00fcber die Formulare eingegebenen personenbezogenen Daten werden vertraulich behandelt und ausschlie\u00dflich zur Rechnungsstellung, zur Beantwortung von Anfragen oder zur Korrespondenz verwendet. Ihre Daten werden nicht an Dritte weitergegeben.<\/div>\n<div draggable=\"false\"><\/div>\n<h3 draggable=\"false\"><b>RICHTLINIE ZU COOKIES<\/b><\/h3>\n<div draggable=\"false\">Diese Cookie-Richtlinie gilt f\u00fcr alle Nutzer der Website. Sie dient dazu, die Nutzer \u00fcber die Platzierung, Verwendung und Verwaltung von Cookies durch die Website w\u00e4hrend des Surfens zu informieren.<\/div>\n<div draggable=\"false\"><\/div>\n<h3 draggable=\"false\"><b>WAS SIND COOKIES?<\/b><\/h3>\n<div draggable=\"false\">Wir verwenden den Begriff \u201eCookies\u201c f\u00fcr kleine Textdateien und \u00e4hnliche Technologien, mit denen automatisch Informationen gesammelt werden k\u00f6nnen. Ein \u201eInternet-Cookie\u201c (auch bekannt als \u201eBrowser-Cookie\u201c oder \u201eHTTP-Cookie\u201c) ist eine kleine Datei mit Buchstaben und Zahlen, die auf Ihrem Ger\u00e4t gespeichert wird, wenn Sie das Internet nutzen. Cookies werden vom Webserver \u00fcber den Browser angefordert (z.\u202fB. Internet Explorer, Firefox, Chrome). Einmal installiert, sind Cookies \u201epassiv\u201c, d.\u202fh. sie enthalten keine Programme, Viren oder Spyware und greifen nicht auf Inhalte Ihres Ger\u00e4ts zu. Ein Cookie besteht aus zwei Teilen: dem Namen und dem Inhalt\/Wert. Technisch gesehen kann nur der Webserver, der das Cookie gesetzt hat, es erneut aufrufen.<\/div>\n<div draggable=\"false\"><\/div>\n<h3 draggable=\"false\"><b>ZWECK DER COOKIES AUF DIESER WEBSITE:<\/b><\/h3>\n<div draggable=\"false\">Cookies dienen dazu, die Nutzererfahrung zu verbessern und Dienste bereitzustellen, die den Bed\u00fcrfnissen und Interessen der Nutzer entsprechen, insbesondere:<\/div>\n<div draggable=\"false\">\u2013 zur Optimierung der Nutzung durch Erkennung von Fehlern<\/div>\n<div draggable=\"false\">\u2013 zur anonymen statistischen Auswertung der Nutzung<\/div>\n<div draggable=\"false\">\u2013 zur Vorschau zuk\u00fcnftiger Produkte\/Dienstleistungen basierend auf bisherigen Zugriffen<\/div>\n<div draggable=\"false\"><\/div>\n<div draggable=\"false\">Sie erm\u00f6glichen auch das Speichern von Einstellungen wie:<\/div>\n<div draggable=\"false\">\u2013 die bevorzugte Sprache<\/div>\n<div draggable=\"false\">\u2013 das Speichern von Kommentaren<\/div>\n<div draggable=\"false\"><\/div>\n<h3 draggable=\"false\"><b>LEBENSDAUER VON COOKIES<\/b><\/h3>\n<div draggable=\"false\">Die Lebensdauer von Cookies kann erheblich variieren, je nach dem Zweck, zu dem sie gesetzt werden. Es gibt folgende Kategorien von Cookies, die auch deren Lebensdauer bestimmen:<\/div>\n<div draggable=\"false\">\u2013 Sitzungs-Cookies: werden beim Schlie\u00dfen des Browsers automatisch gel\u00f6scht<\/div>\n<div draggable=\"false\">\u2013 Permanente Cookies: bleiben auf dem Ger\u00e4t, bis sie gel\u00f6scht werden oder ablaufen (Minuten bis Jahre)<\/div>\n<div draggable=\"false\"><\/div>\n<h3 draggable=\"false\"><b>WAS SIND COOKIES VON DRITTANBIETERN?<\/b><\/h3>\n<div draggable=\"false\">Einige Inhalte k\u00f6nnen von Dritten bereitgestellt werden \u2013 z.\u202fB. Google Analytics, Facebook, Instagram. Diese Drittanbieter m\u00fcssen die Datenschutzrichtlinien und gesetzlichen Vorschriften ebenfalls einhalten.<\/div>\n<div draggable=\"false\"><\/div>\n<h3 draggable=\"false\"><b>WELCHE COOKIES WERDEN VERWENDET:<\/b><\/h3>\n<div draggable=\"false\">Durch die Nutzung\/den Besuch der Website k\u00f6nnen folgende Cookies gesetzt werden:<\/div>\n<div draggable=\"false\"><strong>\u2013 Leistungs-Cookies: merken sich Nutzerpr\u00e4ferenzen<\/strong><\/div>\n<div draggable=\"false\">Durch diese Art von Cookies werden die Pr\u00e4ferenzen des Nutzers dieser Website gespeichert, sodass eine erneute Einstellung der Pr\u00e4ferenzen bei einem sp\u00e4teren Besuch der Website nicht mehr erforderlich ist.<\/div>\n<div draggable=\"false\"><strong>\u2013 Analyse-Cookies: erkennen wiederkehrende Nutzer<\/strong><\/div>\n<div draggable=\"false\">Diese Cookies informieren uns dar\u00fcber, ob ein bestimmter Nutzer die Website bereits zuvor besucht oder genutzt hat. Sie werden ausschlie\u00dflich zu statistischen Zwecken verwendet.<\/div>\n<div draggable=\"false\"><strong>\u2013 Geotargeting-Cookies: erkennen das Herkunftsland<\/strong><\/div>\n<div draggable=\"false\">Diese Cookies werden von einer Software verwendet, die das Herkunftsland des Nutzers der Website bestimmt. Unabh\u00e4ngig von der gew\u00e4hlten Sprache werden dieselben Werbeanzeigen angezeigt.<\/div>\n<div draggable=\"false\"><strong>\u2013 Registrierungs-Cookies: erkennen eingeloggte Nutzer<\/strong><\/div>\n<div draggable=\"false\">Wenn Sie sich auf dieser Website registrieren, werden Cookies erstellt, die diesen Vorgang speichern. Die Server verwenden diese Cookies, um uns das Konto anzuzeigen, mit dem Sie angemeldet sind. Au\u00dferdem erm\u00f6glichen diese Cookies, dass jeder auf der Website ver\u00f6ffentlichte Kommentar dem Benutzernamen des verwendeten Kontos zugeordnet wird. Falls die Option \u201eangemeldet bleiben\u201c nicht ausgew\u00e4hlt wurde, werden diese Cookies automatisch am Ende der Browsersitzung gel\u00f6scht.<\/div>\n<div draggable=\"false\"><strong>\u2013 Werbe-Cookies: verfolgen Anzeigeninteraktionen (anonym)<\/strong><\/div>\n<div draggable=\"false\">Diese Cookies erm\u00f6glichen es, festzustellen, ob ein Nutzer eine Online-Werbung gesehen hat, um welche Art von Werbung es sich handelte und wie viel Zeit seit der Anzeige vergangen ist. Solche Cookies werden daher zur gezielten Ausspielung von Online-Werbung verwendet. Diese Cookies sind anonym und speichern Informationen \u00fcber die angezeigten Inhalte, jedoch nicht \u00fcber die Nutzer selbst.<\/div>\n<div draggable=\"false\"><\/div>\n<h3 draggable=\"false\"><b>WELCHE INFORMATIONEN WERDEN DURCH COOKIES GESPEICHERT?<\/b><\/h3>\n<div draggable=\"false\">Cookies speichern kleine Textdateien, die es erm\u00f6glichen, Ihren Browser wiederzuerkennen.<\/div>\n<div draggable=\"false\"><\/div>\n<h3 draggable=\"false\"><b>BROWSEREINSTELLUNGEN ZU COOKIES<\/b><\/h3>\n<div draggable=\"false\">Wenn Sie alleinigen Zugriff auf Ihr Ger\u00e4t haben, k\u00f6nnen Cookies l\u00e4nger gespeichert bleiben. Wenn das Ger\u00e4t gemeinsam genutzt wird, empfiehlt sich das L\u00f6schen des Verlaufs nach jeder Sitzung.<\/div>\n<div draggable=\"false\"><\/div>\n<h3 draggable=\"false\"><b>WIE K\u00d6NNEN COOKIES DEAKTIVIERT WERDEN?<\/b><\/h3>\n<div draggable=\"false\">Das Deaktivieren und Ablehnen von Cookies kann dazu f\u00fchren, dass diese Website schwerer zug\u00e4nglich wird und ihre Nutzungsm\u00f6glichkeiten eingeschr\u00e4nkt sind. Nutzer k\u00f6nnen ihren Browser so konfigurieren, dass Cookies abgelehnt werden oder nur von bestimmten Websites akzeptiert werden.<\/div>\n<div draggable=\"false\">Alle modernen Browser bieten die M\u00f6glichkeit, die Cookie-Einstellungen zu \u00e4ndern. Diese Einstellungen sind in der Regel im Bereich \u201eOptionen\u201c oder im \u201eEinstellungen\u201c-Men\u00fc des Browsers zu finden.<\/div>\n<div draggable=\"false\">Die Ablehnung oder Deaktivierung von Cookies bedeutet jedoch nicht, dass Sie keine Online-Werbung mehr erhalten \u2013 sie wird lediglich nicht mehr an Ihre durch das Surfverhalten ermittelten Interessen und Vorlieben angepasst.<\/div>\n<div draggable=\"false\"><\/div>\n<h3 draggable=\"false\"><b>N\u00fctzliche Links zu Cookie-Einstellungen:<\/b><\/h3>\n<div draggable=\"false\">\u2013 Cookie-Einstellungen in Internet Explorer<\/div>\n<div draggable=\"false\">\u2013 Cookie-Einstellungen in Firefox<\/div>\n<div draggable=\"false\">\u2013 Cookie-Einstellungen in Chrome<\/div>\n<div draggable=\"false\">\u2013 Cookie-Einstellungen in Safari<\/div>\n","protected":false},"excerpt":{"rendered":"<p>WER WIR SIND Unsere Website lautet: ey-praxis.com, im Folgenden als \u201eWebsite\u201c bezeichnet. WELCHE PERSONENBEZOGENEN DATEN WIR ERHEBEN Durch das Ausf\u00fcllen des Bestellformulars, Kontaktformulars, Kommentarformulars oder das Abonnieren des Newsletters: Vorname, Nachname, Lieferadresse, Rechnungsadresse, E-Mail-Adresse. Durch Google Analytics oder Cookies: IP-Adressen, [&hellip;]<\/p>\n","protected":false},"author":2,"featured_media":0,"parent":0,"menu_order":7,"comment_status":"closed","ping_status":"closed","template":"","meta":{"footnotes":""},"class_list":["post-3","page","type-page","status-publish","hentry"],"yoast_head":"<!-- This site is optimized with the Yoast SEO plugin v27.0 - https:\/\/yoast.com\/product\/yoast-seo-wordpress\/ -->\n<title>Datenschutz- und Cookie-Richtlinie - EY-Praxis<\/title>\n<meta name=\"robots\" content=\"index, follow, max-snippet:-1, max-image-preview:large, max-video-preview:-1\" \/>\n<link rel=\"canonical\" href=\"https:\/\/ey-praxis.com\/de\/datenschutz-und-cookie-richtlinie\/\" \/>\n<meta property=\"og:locale\" content=\"de_DE\" \/>\n<meta property=\"og:type\" content=\"article\" \/>\n<meta property=\"og:title\" content=\"Datenschutz- und Cookie-Richtlinie - EY-Praxis\" \/>\n<meta property=\"og:description\" content=\"WER WIR SIND Unsere Website lautet: ey-praxis.com, im Folgenden als \u201eWebsite\u201c bezeichnet. WELCHE PERSONENBEZOGENEN DATEN WIR ERHEBEN Durch das Ausf\u00fcllen des Bestellformulars, Kontaktformulars, Kommentarformulars oder das Abonnieren des Newsletters: Vorname, Nachname, Lieferadresse, Rechnungsadresse, E-Mail-Adresse. Durch Google Analytics oder Cookies: IP-Adressen, [&hellip;]\" \/>\n<meta property=\"og:url\" content=\"https:\/\/ey-praxis.com\/de\/datenschutz-und-cookie-richtlinie\/\" \/>\n<meta property=\"og:site_name\" content=\"EY-Praxis\" \/>\n<meta property=\"article:modified_time\" content=\"2025-06-19T10:25:17+00:00\" \/>\n<meta name=\"twitter:card\" content=\"summary_large_image\" \/>\n<meta name=\"twitter:label1\" content=\"Gesch\u00e4tzte Lesezeit\" \/>\n\t<meta name=\"twitter:data1\" content=\"4\u00a0Minuten\" \/>\n<script type=\"application\/ld+json\" class=\"yoast-schema-graph\">{\"@context\":\"https:\/\/schema.org\",\"@graph\":[{\"@type\":\"WebPage\",\"@id\":\"https:\/\/ey-praxis.com\/datenschutz-und-cookie-richtlinie\/\",\"url\":\"https:\/\/ey-praxis.com\/datenschutz-und-cookie-richtlinie\/\",\"name\":\"Datenschutz- und Cookie-Richtlinie - EY-Praxis\",\"isPartOf\":{\"@id\":\"https:\/\/ey-praxis.com\/de\/#website\"},\"datePublished\":\"2025-02-27T11:41:15+00:00\",\"dateModified\":\"2025-06-19T10:25:17+00:00\",\"breadcrumb\":{\"@id\":\"https:\/\/ey-praxis.com\/datenschutz-und-cookie-richtlinie\/#breadcrumb\"},\"inLanguage\":\"de\",\"potentialAction\":[{\"@type\":\"ReadAction\",\"target\":[\"https:\/\/ey-praxis.com\/datenschutz-und-cookie-richtlinie\/\"]}]},{\"@type\":\"BreadcrumbList\",\"@id\":\"https:\/\/ey-praxis.com\/datenschutz-und-cookie-richtlinie\/#breadcrumb\",\"itemListElement\":[{\"@type\":\"ListItem\",\"position\":1,\"name\":\"Prima pagin\u0103\",\"item\":\"https:\/\/ey-praxis.com\/\"},{\"@type\":\"ListItem\",\"position\":2,\"name\":\"Datenschutz- und Cookie-Richtlinie\"}]},{\"@type\":\"WebSite\",\"@id\":\"https:\/\/ey-praxis.com\/de\/#website\",\"url\":\"https:\/\/ey-praxis.com\/de\/\",\"name\":\"EY-Praxis\",\"description\":\"\",\"potentialAction\":[{\"@type\":\"SearchAction\",\"target\":{\"@type\":\"EntryPoint\",\"urlTemplate\":\"https:\/\/ey-praxis.com\/de\/?s={search_term_string}\"},\"query-input\":{\"@type\":\"PropertyValueSpecification\",\"valueRequired\":true,\"valueName\":\"search_term_string\"}}],\"inLanguage\":\"de\"}]}<\/script>\n<!-- \/ Yoast SEO plugin. -->","yoast_head_json":{"title":"Datenschutz- und Cookie-Richtlinie - EY-Praxis","robots":{"index":"index","follow":"follow","max-snippet":"max-snippet:-1","max-image-preview":"max-image-preview:large","max-video-preview":"max-video-preview:-1"},"canonical":"https:\/\/ey-praxis.com\/de\/datenschutz-und-cookie-richtlinie\/","og_locale":"de_DE","og_type":"article","og_title":"Datenschutz- und Cookie-Richtlinie - EY-Praxis","og_description":"WER WIR SIND Unsere Website lautet: ey-praxis.com, im Folgenden als \u201eWebsite\u201c bezeichnet. WELCHE PERSONENBEZOGENEN DATEN WIR ERHEBEN Durch das Ausf\u00fcllen des Bestellformulars, Kontaktformulars, Kommentarformulars oder das Abonnieren des Newsletters: Vorname, Nachname, Lieferadresse, Rechnungsadresse, E-Mail-Adresse. Durch Google Analytics oder Cookies: IP-Adressen, [&hellip;]","og_url":"https:\/\/ey-praxis.com\/de\/datenschutz-und-cookie-richtlinie\/","og_site_name":"EY-Praxis","article_modified_time":"2025-06-19T10:25:17+00:00","twitter_card":"summary_large_image","twitter_misc":{"Gesch\u00e4tzte Lesezeit":"4\u00a0Minuten"},"schema":{"@context":"https:\/\/schema.org","@graph":[{"@type":"WebPage","@id":"https:\/\/ey-praxis.com\/datenschutz-und-cookie-richtlinie\/","url":"https:\/\/ey-praxis.com\/datenschutz-und-cookie-richtlinie\/","name":"Datenschutz- und Cookie-Richtlinie - EY-Praxis","isPartOf":{"@id":"https:\/\/ey-praxis.com\/de\/#website"},"datePublished":"2025-02-27T11:41:15+00:00","dateModified":"2025-06-19T10:25:17+00:00","breadcrumb":{"@id":"https:\/\/ey-praxis.com\/datenschutz-und-cookie-richtlinie\/#breadcrumb"},"inLanguage":"de","potentialAction":[{"@type":"ReadAction","target":["https:\/\/ey-praxis.com\/datenschutz-und-cookie-richtlinie\/"]}]},{"@type":"BreadcrumbList","@id":"https:\/\/ey-praxis.com\/datenschutz-und-cookie-richtlinie\/#breadcrumb","itemListElement":[{"@type":"ListItem","position":1,"name":"Prima pagin\u0103","item":"https:\/\/ey-praxis.com\/"},{"@type":"ListItem","position":2,"name":"Datenschutz- und Cookie-Richtlinie"}]},{"@type":"WebSite","@id":"https:\/\/ey-praxis.com\/de\/#website","url":"https:\/\/ey-praxis.com\/de\/","name":"EY-Praxis","description":"","potentialAction":[{"@type":"SearchAction","target":{"@type":"EntryPoint","urlTemplate":"https:\/\/ey-praxis.com\/de\/?s={search_term_string}"},"query-input":{"@type":"PropertyValueSpecification","valueRequired":true,"valueName":"search_term_string"}}],"inLanguage":"de"}]}},"_links":{"self":[{"href":"https:\/\/ey-praxis.com\/de\/wp-json\/wp\/v2\/pages\/3","targetHints":{"allow":["GET"]}}],"collection":[{"href":"https:\/\/ey-praxis.com\/de\/wp-json\/wp\/v2\/pages"}],"about":[{"href":"https:\/\/ey-praxis.com\/de\/wp-json\/wp\/v2\/types\/page"}],"author":[{"embeddable":true,"href":"https:\/\/ey-praxis.com\/de\/wp-json\/wp\/v2\/users\/2"}],"replies":[{"embeddable":true,"href":"https:\/\/ey-praxis.com\/de\/wp-json\/wp\/v2\/comments?post=3"}],"version-history":[{"count":15,"href":"https:\/\/ey-praxis.com\/de\/wp-json\/wp\/v2\/pages\/3\/revisions"}],"predecessor-version":[{"id":4398,"href":"https:\/\/ey-praxis.com\/de\/wp-json\/wp\/v2\/pages\/3\/revisions\/4398"}],"wp:attachment":[{"href":"https:\/\/ey-praxis.com\/de\/wp-json\/wp\/v2\/media?parent=3"}],"curies":[{"name":"wp","href":"https:\/\/api.w.org\/{rel}","templated":true}]}}