{"id":3127,"date":"2025-03-05T10:16:05","date_gmt":"2025-03-05T10:16:05","guid":{"rendered":"https:\/\/ey-praxis.com\/?page_id=3127"},"modified":"2026-02-05T11:23:46","modified_gmt":"2026-02-05T11:23:46","slug":"uber-mich","status":"publish","type":"page","link":"https:\/\/ey-praxis.com\/de\/uber-mich\/","title":{"rendered":"\u00dcBER MICH"},"content":{"rendered":"<div class=\"wpb-content-wrapper\"><div class=\"mkdf-row-grid-section-wrapper \"  ><div class=\"mkdf-row-grid-section\"><div class=\"vc_row wpb_row vc_row-fluid vc_custom_1750169061564 vc_row-o-content-top vc_row-flex\" ><div class=\"wpb_column vc_column_container vc_col-sm-6\"><div class=\"vc_column-inner\"><div class=\"wpb_wrapper\">\n\t<div class=\"wpb_text_column wpb_content_element\" >\n\t\t<div class=\"wpb_wrapper\">\n\t\t\t<h2 draggable=\"false\" data-pm-slice=\"1 1 &#091;&#093;\" data-en-clipboard=\"true\">Hallo! Ich bin Gabriela Schubert-Miron,<\/h2>\n<h3 draggable=\"false\" data-pm-slice=\"1 1 &#091;&#093;\" data-en-clipboard=\"true\">Expertin f\u00fcr Brain Remodeling und Bowen-Therapie<\/h3>\n\n\t\t<\/div>\n\t<\/div>\n<div class=\"vc_empty_space\"   style=\"height: 32px\"><span class=\"vc_empty_space_inner\"><\/span><\/div>\n\t<div class=\"wpb_text_column wpb_content_element\" >\n\t\t<div class=\"wpb_wrapper\">\n\t\t\t<div style=\"text-align: left;\" draggable=\"false\" data-pm-slice=\"1 1 &#091;&#093;\" data-en-clipboard=\"true\">\n<p>Schon als Teenager fand ich es faszinierend, das Verhalten der Menschen zu beobachten. Irgendwann habe ich mich gefragt, warum in derselben Situation jeder anders reagiert und weshalb die Wahrnehmungen so unterschiedlich sein k\u00f6nnen \u2013 obwohl wir scheinbar alle \u00e4hnliche Erfahrungen gemacht haben. Ich h\u00e4tte gerne Psychotherapeutin werden wollen, aber wie viele von uns haben meine Eltern \u2013 mehr oder weniger bewusst \u2013 meinen beruflichen Weg bestimmt, und so habe ich Medizin studiert und bin Chirurgin geworden.<\/p>\n<p>Auf dem Weg, den ich eingeschlagen hatte, stellte ich mir \u2013 wie viele andere \u2013 die Frage: <b>\u201eWer bin ich eigentlich?\u201c<\/b> Diese Frage hat mich dazu gebracht, meine eigene Reise der Selbsterforschung und Selbstentdeckung zu beginnen. Und doch, nach 12 Jahren Therapie, war ich immer noch nicht zufrieden mit dem Ort, an dem ich stand \u2013 weder beruflich noch in meinem pers\u00f6nlichen Leben. Ich wollte mehr! Ein Satz meines letzten Therapeuten hat sich tief in mein Ged\u00e4chtnis eingebrannt: <b>\u201eSei DANKBAR f\u00fcr deine Vergangenheit.\u201c<\/b><\/p>\n<p>WAS HEISST DAS \u2013 DANKBAR SEIN?! Hat er denn nicht geh\u00f6rt, was ich erlebt hatte?<\/p>\n<\/div>\n\n\t\t<\/div>\n\t<\/div>\n<\/div><\/div><\/div><div class=\"wpb_column vc_column_container vc_col-sm-6\"><div class=\"vc_column-inner\"><div class=\"wpb_wrapper\">\n\t<div  class=\"wpb_single_image wpb_content_element vc_align_left wpb_content_element\">\n\t\t\n\t\t<figure class=\"wpb_wrapper vc_figure\">\n\t\t\t<div class=\"vc_single_image-wrapper   vc_box_border_grey\"><img loading=\"lazy\" decoding=\"async\" width=\"800\" height=\"1000\" src=\"https:\/\/ey-praxis.com\/wp-content\/uploads\/2025\/04\/terapie_bowen_despre_mine2.jpg\" class=\"vc_single_image-img attachment-full\" alt=\"\" title=\"terapie_bowen_despre_mine2\" srcset=\"https:\/\/ey-praxis.com\/wp-content\/uploads\/2025\/04\/terapie_bowen_despre_mine2.jpg 800w, https:\/\/ey-praxis.com\/wp-content\/uploads\/2025\/04\/terapie_bowen_despre_mine2-240x300.jpg 240w, https:\/\/ey-praxis.com\/wp-content\/uploads\/2025\/04\/terapie_bowen_despre_mine2-768x960.jpg 768w\" sizes=\"auto, (max-width: 800px) 100vw, 800px\" \/><\/div>\n\t\t<\/figure>\n\t<\/div>\n<\/div><\/div><\/div><\/div><\/div><\/div><div class=\"mkdf-row-grid-section-wrapper \"  style=\"background-color:#00000000\"><div class=\"mkdf-row-grid-section\"><div class=\"vc_row wpb_row vc_row-fluid vc_custom_1750248752444 vc_row-o-content-top vc_row-flex\" ><div class=\"wpb_column vc_column_container vc_col-sm-6 vc_hidden-xs\"><div class=\"vc_column-inner\"><div class=\"wpb_wrapper\">\n\t<div  class=\"wpb_single_image wpb_content_element vc_align_left wpb_content_element\">\n\t\t\n\t\t<figure class=\"wpb_wrapper vc_figure\">\n\t\t\t<div class=\"vc_single_image-wrapper   vc_box_border_grey\"><img loading=\"lazy\" decoding=\"async\" width=\"800\" height=\"1000\" src=\"https:\/\/ey-praxis.com\/wp-content\/uploads\/2025\/04\/terapia_bowen_contact.jpg\" class=\"vc_single_image-img attachment-full\" alt=\"\" title=\"terapia_bowen_contact\" srcset=\"https:\/\/ey-praxis.com\/wp-content\/uploads\/2025\/04\/terapia_bowen_contact.jpg 800w, https:\/\/ey-praxis.com\/wp-content\/uploads\/2025\/04\/terapia_bowen_contact-240x300.jpg 240w, https:\/\/ey-praxis.com\/wp-content\/uploads\/2025\/04\/terapia_bowen_contact-768x960.jpg 768w\" sizes=\"auto, (max-width: 800px) 100vw, 800px\" \/><\/div>\n\t\t<\/figure>\n\t<\/div>\n<\/div><\/div><\/div><div class=\"wpb_column vc_column_container vc_col-sm-6\"><div class=\"vc_column-inner\"><div class=\"wpb_wrapper\">\n\t<div class=\"wpb_text_column wpb_content_element\" >\n\t\t<div class=\"wpb_wrapper\">\n\t\t\t<p style=\"text-align: left;\" draggable=\"false\" data-pm-slice=\"1 1 &#091;&#093;\" data-en-clipboard=\"true\">Im Mai 2023 kam ich \u2013 ob zuf\u00e4llig oder nicht \u2013 zu einer Familienaufstellung. Dort wurde mir gesagt, dass mein Problem daher r\u00fchrt, dass die Beziehung zu meinem Vater noch nicht gekl\u00e4rt sei. \u201eWie bitte, nicht gekl\u00e4rt?\u201c \u2013 schoss es mir sofort durch den Kopf. Genau daran hatte ich doch jahrelang gearbeitet! Diese Erkenntnis hat mich frustriert und verwirrt. Nach 12 Jahren Therapie war ich immer noch fast am selben Punkt. Also beschloss ich, die Therapie zu beenden.<\/p>\n<p style=\"text-align: left;\" draggable=\"false\">Aber mein Durst nach Selbsterkenntnis h\u00f6rte nicht auf, nur weil der Weg, den ich eingeschlagen hatte, nicht die gew\u00fcnschten Ergebnisse brachte. Ich suchte weiter. Einige Wochen sp\u00e4ter entdeckte ich die Brain Remodeling Programme von Inspired Life, entwickelt von Monica Ion. Es war etwas anderes als Psychotherapie \u2013 die Methode versprach sp\u00fcrbare Ergebnisse in 6 bis 12 Monaten. Und auch dort h\u00f6rte ich zum zweiten Mal von der <b>DANKBARKEIT F\u00dcR DIE VERGANGENHEIT<\/b>.<\/p>\n<p style=\"text-align: left;\" draggable=\"false\">Als letzte Hoffnung entschied ich mich, an einem der Programme teilzunehmen. Und zu meiner \u00dcberraschung: es funktionierte! Ich wurde tats\u00e4chlich dankbar f\u00fcr die schwierigen Erlebnisse, die ich durchlebt hatte \u2013 genau so, wie sie geschehen sind!<\/p>\n<div draggable=\"false\">\n<p style=\"text-align: left;\" draggable=\"false\" data-pm-slice=\"1 1 &#091;&#093;\" data-en-clipboard=\"true\">Nach zwei Jahren intensiver Arbeit an mir selbst und einer sechsmonatigen Vorbereitung habe ich mich entschieden, meinen Beruf als Chirurgin aufzugeben \u2013 ein Beruf, den ich fast 20 Jahre lang ausge\u00fcbt habe. Diese Entscheidung kam auf nat\u00fcrliche Weise, aber auch aus dem Wunsch heraus, andere zu unterst\u00fctzen, die mit denselben Herausforderungen konfrontiert sind, wie ich sie erlebt habe.<\/p>\n<p style=\"text-align: left;\" draggable=\"false\">Ich m\u00f6chte Sie begleiten, damit Sie sich weiterentwickeln und Ihren eigenen Weg zur Selbsterkenntnis und Erf\u00fcllung finden.<\/p>\n<p style=\"text-align: left;\" draggable=\"false\">Dieser \u00dcbergang war ein bedeutender Schritt in meinem Leben, und heute f\u00fchle ich mich erf\u00fcllt, weil ich zur Entwicklung anderer beitragen kann.<\/p>\n<\/div>\n\n\t\t<\/div>\n\t<\/div>\n<\/div><\/div><\/div><div class=\"wpb_column vc_column_container vc_col-sm-12 vc_hidden-lg vc_hidden-md vc_hidden-sm\"><div class=\"vc_column-inner\"><div class=\"wpb_wrapper\">\n\t<div  class=\"wpb_single_image wpb_content_element vc_align_left wpb_content_element\">\n\t\t\n\t\t<figure class=\"wpb_wrapper vc_figure\">\n\t\t\t<div class=\"vc_single_image-wrapper   vc_box_border_grey\"><img loading=\"lazy\" decoding=\"async\" width=\"800\" height=\"1000\" src=\"https:\/\/ey-praxis.com\/wp-content\/uploads\/2025\/04\/terapia_bowen_contact.jpg\" class=\"vc_single_image-img attachment-full\" alt=\"\" title=\"terapia_bowen_contact\" srcset=\"https:\/\/ey-praxis.com\/wp-content\/uploads\/2025\/04\/terapia_bowen_contact.jpg 800w, https:\/\/ey-praxis.com\/wp-content\/uploads\/2025\/04\/terapia_bowen_contact-240x300.jpg 240w, https:\/\/ey-praxis.com\/wp-content\/uploads\/2025\/04\/terapia_bowen_contact-768x960.jpg 768w\" sizes=\"auto, (max-width: 800px) 100vw, 800px\" \/><\/div>\n\t\t<\/figure>\n\t<\/div>\n<div class=\"vc_empty_space\"   style=\"height: 50px\"><span class=\"vc_empty_space_inner\"><\/span><\/div><\/div><\/div><\/div><\/div><\/div><\/div><div class=\"vc_row wpb_row vc_row-fluid\" style=\"background-color:#F5E8DF\"><div class=\"wpb_column vc_column_container vc_col-sm-3\"><div class=\"vc_column-inner\"><div class=\"wpb_wrapper\"><\/div><\/div><\/div><div class=\"wpb_column vc_column_container vc_col-sm-6\"><div class=\"vc_column-inner\"><div class=\"wpb_wrapper\"><div class=\"vc_empty_space\"   style=\"height: 80px\"><span class=\"vc_empty_space_inner\"><\/span><\/div>\n\t<div class=\"wpb_text_column wpb_content_element\" >\n\t\t<div class=\"wpb_wrapper\">\n\t\t\t<p><img loading=\"lazy\" decoding=\"async\" class=\"alignnone wp-image-3857 aligncenter\" src=\"https:\/\/ey-praxis.com\/wp-content\/uploads\/2025\/04\/Empower-Yourself-Logo-Mark-300x262.png\" alt=\"\" width=\"158\" height=\"138\" srcset=\"https:\/\/ey-praxis.com\/wp-content\/uploads\/2025\/04\/Empower-Yourself-Logo-Mark-300x262.png 300w, https:\/\/ey-praxis.com\/wp-content\/uploads\/2025\/04\/Empower-Yourself-Logo-Mark.png 572w\" sizes=\"auto, (max-width: 158px) 100vw, 158px\" \/><\/p>\n<h3 style=\"text-align: center;\" draggable=\"false\" data-pm-slice=\"1 1 &#091;&#093;\" data-en-clipboard=\"true\"><b>Warum Brain Remodeling?<\/b> Weil es einen Ansatz bietet, der \u201eschneller ist als Therapie, smarter als Coaching\u201c, wie <b>Monica Ion, Expertin f\u00fcr Brain Remodeling<\/b>, sagt.<\/h3>\n\n\t\t<\/div>\n\t<\/div>\n<div class=\"vc_empty_space\"   style=\"height: 80px\"><span class=\"vc_empty_space_inner\"><\/span><\/div><\/div><\/div><\/div><div class=\"wpb_column vc_column_container vc_col-sm-3\"><div class=\"vc_column-inner\"><div class=\"wpb_wrapper\"><\/div><\/div><\/div><\/div><div class=\"mkdf-row-grid-section-wrapper \"  style=\"background-color:#00000000\"><div class=\"mkdf-row-grid-section\"><div class=\"vc_row wpb_row vc_row-fluid vc_custom_1745835254347 vc_row-o-content-middle vc_row-flex\" ><div class=\"wpb_column vc_column_container vc_col-sm-6\"><div class=\"vc_column-inner\"><div class=\"wpb_wrapper\">\n\t<div class=\"wpb_text_column wpb_content_element\" >\n\t\t<div class=\"wpb_wrapper\">\n\t\t\t<p style=\"text-align: left;\" draggable=\"false\" data-pm-slice=\"1 1 &#091;&#093;\" data-en-clipboard=\"true\">Diese Methode hat mir die notwendigen Werkzeuge gegeben, um in sehr kurzer Zeit bedeutende Fortschritte zu machen. Sie hat es mir erm\u00f6glicht, mein Denken zu ver\u00e4ndern und mein Leben sichtbar zu verbessern. Die Kombination aus Schnelligkeit und intelligenter Herangehensweise hat mich angesprochen und motiviert, mich weiter mit diesen Techniken zu besch\u00e4ftigen \u2013 sowohl f\u00fcr mich selbst als auch um anderen auf ihrem Weg der pers\u00f6nlichen Entwicklung zu helfen.<\/p>\n<p style=\"text-align: left;\" draggable=\"false\">Auf meinem Weg der Selbsterkenntnis habe ich 2017 die <b>Bowen-Therapie, The Original Bowen Technique<\/b> entdeckt. Die vielversprechenden Ergebnisse, \u00fcber die ich gelesen hatte, zusammen mit meinen eigenen Erfahrungen als Klientin, haben mich dazu gebracht, diese Methode erlernen zu wollen. Anfangs war meine Absicht, sie nur zur Unterst\u00fctzung meiner Familie anzuwenden.<\/p>\n<p style=\"text-align: left;\" draggable=\"false\">Doch nachdem ich auch <b>Brain Remodeling<\/b> kennengelernt hatte, wurde mir klar, dass ich beide Ans\u00e4tze unter einem Dach vereinen kann \u2013 um m\u00f6glichst viele Menschen auf ihrem Weg zu pers\u00f6nlicher Entwicklung und Heilung zu begleiten.<\/p>\n\n\t\t<\/div>\n\t<\/div>\n<\/div><\/div><\/div><div class=\"wpb_column vc_column_container vc_col-sm-6\"><div class=\"vc_column-inner\"><div class=\"wpb_wrapper\">\n\t<div  class=\"wpb_single_image wpb_content_element vc_align_left wpb_content_element\">\n\t\t\n\t\t<figure class=\"wpb_wrapper vc_figure\">\n\t\t\t<div class=\"vc_single_image-wrapper   vc_box_border_grey\"><img loading=\"lazy\" decoding=\"async\" width=\"1000\" height=\"800\" src=\"https:\/\/ey-praxis.com\/wp-content\/uploads\/2025\/04\/brain_remodeling_despre_mine.jpg\" class=\"vc_single_image-img attachment-full\" alt=\"\" title=\"brain_remodeling_despre_mine\" srcset=\"https:\/\/ey-praxis.com\/wp-content\/uploads\/2025\/04\/brain_remodeling_despre_mine.jpg 1000w, https:\/\/ey-praxis.com\/wp-content\/uploads\/2025\/04\/brain_remodeling_despre_mine-300x240.jpg 300w, https:\/\/ey-praxis.com\/wp-content\/uploads\/2025\/04\/brain_remodeling_despre_mine-768x614.jpg 768w\" sizes=\"auto, (max-width: 1000px) 100vw, 1000px\" \/><\/div>\n\t\t<\/figure>\n\t<\/div>\n<\/div><\/div><\/div><\/div><\/div><\/div><div class=\"vc_row wpb_row vc_row-fluid vc_custom_1745835136797 mkdf-content-aligment-center\" style=\"background-color:#F5E8DF\"><div class=\"wpb_column vc_column_container vc_col-sm-3\"><div class=\"vc_column-inner\"><div class=\"wpb_wrapper\"><\/div><\/div><\/div><div class=\"wpb_column vc_column_container vc_col-sm-6\"><div class=\"vc_column-inner\"><div class=\"wpb_wrapper\">\n\t<div class=\"wpb_text_column wpb_content_element\" >\n\t\t<div class=\"wpb_wrapper\">\n\t\t\t<h3 style=\"text-align: center;\" draggable=\"false\" data-pm-slice=\"1 1 &#091;&#093;\" data-en-clipboard=\"true\">Diese Synergie zwischen den Techniken, die ich erlernt habe, erm\u00f6glicht es mir, umfassendere und wirksamere Unterst\u00fctzung f\u00fcr diejenigen anzubieten, die mit verschiedenen Herausforderungen konfrontiert sind.<\/h3>\n\n\t\t<\/div>\n\t<\/div>\n<div class=\"vc_empty_space\"   style=\"height: 32px\"><span class=\"vc_empty_space_inner\"><\/span><\/div><a itemprop=\"url\" href=\"https:\/\/ey-praxis.com\/de\/kontakt\/#anchor_formular\/\" target=\"_blank\"  class=\"mkdf-btn mkdf-btn-medium mkdf-btn-solid\"  >\n    <span class=\"mkdf-btn-text\">TERMIN VEREINBAREN<\/span>\n    \t<\/a><\/div><\/div><\/div><div class=\"wpb_column vc_column_container vc_col-sm-3\"><div class=\"vc_column-inner\"><div class=\"wpb_wrapper\"><\/div><\/div><\/div><\/div>\n<\/div>","protected":false},"excerpt":{"rendered":"Hallo! Ich bin Gabriela Schubert-Miron, Expertin f\u00fcr Brain Remodeling und Bowen-Therapie Schon als Teenager fand ich es faszinierend, das Verhalten der Menschen zu beobachten. Irgendwann habe ich mich gefragt, warum in derselben Situation jeder anders reagiert und weshalb die Wahrnehmungen [...]","protected":false},"author":3,"featured_media":3790,"parent":0,"menu_order":4,"comment_status":"closed","ping_status":"closed","template":"full-width.php","meta":{"footnotes":""},"class_list":["post-3127","page","type-page","status-publish","has-post-thumbnail","hentry"],"yoast_head":"<!-- This site is optimized with the Yoast SEO plugin v27.0 - https:\/\/yoast.com\/product\/yoast-seo-wordpress\/ -->\n<title>Gabriela Schubert-Miron | Expertin f\u00fcr Bowen Therapie &amp; Brain Remodeling<\/title>\n<meta name=\"description\" content=\"Mein Weg zur inneren Klarheit: Nach 20 Jahren in der Chirurgie begleite ich heute Menschen mit Bowen Therapie &amp; Brain Remodeling \u2013 f\u00fcr tiefgreifende Ver\u00e4nderung, emotionale Heilung und Selbstentfaltung.\" \/>\n<meta name=\"robots\" content=\"index, follow, max-snippet:-1, max-image-preview:large, max-video-preview:-1\" \/>\n<link rel=\"canonical\" href=\"https:\/\/ey-praxis.com\/de\/uber-mich\/\" \/>\n<meta property=\"og:locale\" content=\"de_DE\" \/>\n<meta property=\"og:type\" content=\"article\" \/>\n<meta property=\"og:title\" content=\"Gabriela Schubert-Miron | Expertin f\u00fcr Bowen Therapie &amp; Brain Remodeling\" \/>\n<meta property=\"og:description\" content=\"Mein Weg zur inneren Klarheit: Nach 20 Jahren in der Chirurgie begleite ich heute Menschen mit Bowen Therapie &amp; Brain Remodeling \u2013 f\u00fcr tiefgreifende Ver\u00e4nderung, emotionale Heilung und Selbstentfaltung.\" \/>\n<meta property=\"og:url\" content=\"https:\/\/ey-praxis.com\/de\/uber-mich\/\" \/>\n<meta property=\"og:site_name\" content=\"EY-Praxis\" \/>\n<meta property=\"article:modified_time\" content=\"2026-02-05T11:23:46+00:00\" \/>\n<meta property=\"og:image\" content=\"https:\/\/ey-praxis.com\/wp-content\/uploads\/2025\/04\/terapie_bowen_despre_mine2.jpg\" \/>\n\t<meta property=\"og:image:width\" content=\"800\" \/>\n\t<meta property=\"og:image:height\" content=\"1000\" \/>\n\t<meta property=\"og:image:type\" content=\"image\/jpeg\" \/>\n<meta name=\"twitter:card\" content=\"summary_large_image\" \/>\n<meta name=\"twitter:label1\" content=\"Gesch\u00e4tzte Lesezeit\" \/>\n\t<meta name=\"twitter:data1\" content=\"6\u00a0Minuten\" \/>\n<script type=\"application\/ld+json\" class=\"yoast-schema-graph\">{\"@context\":\"https:\/\/schema.org\",\"@graph\":[{\"@type\":\"WebPage\",\"@id\":\"https:\/\/ey-praxis.com\/uber-mich\/\",\"url\":\"https:\/\/ey-praxis.com\/uber-mich\/\",\"name\":\"Gabriela Schubert-Miron | Expertin f\u00fcr Bowen Therapie & Brain Remodeling\",\"isPartOf\":{\"@id\":\"https:\/\/ey-praxis.com\/de\/#website\"},\"primaryImageOfPage\":{\"@id\":\"https:\/\/ey-praxis.com\/uber-mich\/#primaryimage\"},\"image\":{\"@id\":\"https:\/\/ey-praxis.com\/uber-mich\/#primaryimage\"},\"thumbnailUrl\":\"https:\/\/ey-praxis.com\/wp-content\/uploads\/2025\/04\/terapie_bowen_despre_mine2.jpg\",\"datePublished\":\"2025-03-05T10:16:05+00:00\",\"dateModified\":\"2026-02-05T11:23:46+00:00\",\"description\":\"Mein Weg zur inneren Klarheit: Nach 20 Jahren in der Chirurgie begleite ich heute Menschen mit Bowen Therapie & Brain Remodeling \u2013 f\u00fcr tiefgreifende Ver\u00e4nderung, emotionale Heilung und Selbstentfaltung.\",\"breadcrumb\":{\"@id\":\"https:\/\/ey-praxis.com\/uber-mich\/#breadcrumb\"},\"inLanguage\":\"de\",\"potentialAction\":[{\"@type\":\"ReadAction\",\"target\":[\"https:\/\/ey-praxis.com\/uber-mich\/\"]}]},{\"@type\":\"ImageObject\",\"inLanguage\":\"de\",\"@id\":\"https:\/\/ey-praxis.com\/uber-mich\/#primaryimage\",\"url\":\"https:\/\/ey-praxis.com\/wp-content\/uploads\/2025\/04\/terapie_bowen_despre_mine2.jpg\",\"contentUrl\":\"https:\/\/ey-praxis.com\/wp-content\/uploads\/2025\/04\/terapie_bowen_despre_mine2.jpg\",\"width\":800,\"height\":1000},{\"@type\":\"BreadcrumbList\",\"@id\":\"https:\/\/ey-praxis.com\/uber-mich\/#breadcrumb\",\"itemListElement\":[{\"@type\":\"ListItem\",\"position\":1,\"name\":\"Prima pagin\u0103\",\"item\":\"https:\/\/ey-praxis.com\/\"},{\"@type\":\"ListItem\",\"position\":2,\"name\":\"\u00dcBER MICH\"}]},{\"@type\":\"WebSite\",\"@id\":\"https:\/\/ey-praxis.com\/de\/#website\",\"url\":\"https:\/\/ey-praxis.com\/de\/\",\"name\":\"EY-Praxis\",\"description\":\"\",\"potentialAction\":[{\"@type\":\"SearchAction\",\"target\":{\"@type\":\"EntryPoint\",\"urlTemplate\":\"https:\/\/ey-praxis.com\/de\/?s={search_term_string}\"},\"query-input\":{\"@type\":\"PropertyValueSpecification\",\"valueRequired\":true,\"valueName\":\"search_term_string\"}}],\"inLanguage\":\"de\"}]}<\/script>\n<!-- \/ Yoast SEO plugin. -->","yoast_head_json":{"title":"Gabriela Schubert-Miron | Expertin f\u00fcr Bowen Therapie & Brain Remodeling","description":"Mein Weg zur inneren Klarheit: Nach 20 Jahren in der Chirurgie begleite ich heute Menschen mit Bowen Therapie & Brain Remodeling \u2013 f\u00fcr tiefgreifende Ver\u00e4nderung, emotionale Heilung und Selbstentfaltung.","robots":{"index":"index","follow":"follow","max-snippet":"max-snippet:-1","max-image-preview":"max-image-preview:large","max-video-preview":"max-video-preview:-1"},"canonical":"https:\/\/ey-praxis.com\/de\/uber-mich\/","og_locale":"de_DE","og_type":"article","og_title":"Gabriela Schubert-Miron | Expertin f\u00fcr Bowen Therapie & Brain Remodeling","og_description":"Mein Weg zur inneren Klarheit: Nach 20 Jahren in der Chirurgie begleite ich heute Menschen mit Bowen Therapie & Brain Remodeling \u2013 f\u00fcr tiefgreifende Ver\u00e4nderung, emotionale Heilung und Selbstentfaltung.","og_url":"https:\/\/ey-praxis.com\/de\/uber-mich\/","og_site_name":"EY-Praxis","article_modified_time":"2026-02-05T11:23:46+00:00","og_image":[{"width":800,"height":1000,"url":"https:\/\/ey-praxis.com\/wp-content\/uploads\/2025\/04\/terapie_bowen_despre_mine2.jpg","type":"image\/jpeg"}],"twitter_card":"summary_large_image","twitter_misc":{"Gesch\u00e4tzte Lesezeit":"6\u00a0Minuten"},"schema":{"@context":"https:\/\/schema.org","@graph":[{"@type":"WebPage","@id":"https:\/\/ey-praxis.com\/uber-mich\/","url":"https:\/\/ey-praxis.com\/uber-mich\/","name":"Gabriela Schubert-Miron | Expertin f\u00fcr Bowen Therapie & Brain Remodeling","isPartOf":{"@id":"https:\/\/ey-praxis.com\/de\/#website"},"primaryImageOfPage":{"@id":"https:\/\/ey-praxis.com\/uber-mich\/#primaryimage"},"image":{"@id":"https:\/\/ey-praxis.com\/uber-mich\/#primaryimage"},"thumbnailUrl":"https:\/\/ey-praxis.com\/wp-content\/uploads\/2025\/04\/terapie_bowen_despre_mine2.jpg","datePublished":"2025-03-05T10:16:05+00:00","dateModified":"2026-02-05T11:23:46+00:00","description":"Mein Weg zur inneren Klarheit: Nach 20 Jahren in der Chirurgie begleite ich heute Menschen mit Bowen Therapie & Brain Remodeling \u2013 f\u00fcr tiefgreifende Ver\u00e4nderung, emotionale Heilung und Selbstentfaltung.","breadcrumb":{"@id":"https:\/\/ey-praxis.com\/uber-mich\/#breadcrumb"},"inLanguage":"de","potentialAction":[{"@type":"ReadAction","target":["https:\/\/ey-praxis.com\/uber-mich\/"]}]},{"@type":"ImageObject","inLanguage":"de","@id":"https:\/\/ey-praxis.com\/uber-mich\/#primaryimage","url":"https:\/\/ey-praxis.com\/wp-content\/uploads\/2025\/04\/terapie_bowen_despre_mine2.jpg","contentUrl":"https:\/\/ey-praxis.com\/wp-content\/uploads\/2025\/04\/terapie_bowen_despre_mine2.jpg","width":800,"height":1000},{"@type":"BreadcrumbList","@id":"https:\/\/ey-praxis.com\/uber-mich\/#breadcrumb","itemListElement":[{"@type":"ListItem","position":1,"name":"Prima pagin\u0103","item":"https:\/\/ey-praxis.com\/"},{"@type":"ListItem","position":2,"name":"\u00dcBER MICH"}]},{"@type":"WebSite","@id":"https:\/\/ey-praxis.com\/de\/#website","url":"https:\/\/ey-praxis.com\/de\/","name":"EY-Praxis","description":"","potentialAction":[{"@type":"SearchAction","target":{"@type":"EntryPoint","urlTemplate":"https:\/\/ey-praxis.com\/de\/?s={search_term_string}"},"query-input":{"@type":"PropertyValueSpecification","valueRequired":true,"valueName":"search_term_string"}}],"inLanguage":"de"}]}},"_links":{"self":[{"href":"https:\/\/ey-praxis.com\/de\/wp-json\/wp\/v2\/pages\/3127","targetHints":{"allow":["GET"]}}],"collection":[{"href":"https:\/\/ey-praxis.com\/de\/wp-json\/wp\/v2\/pages"}],"about":[{"href":"https:\/\/ey-praxis.com\/de\/wp-json\/wp\/v2\/types\/page"}],"author":[{"embeddable":true,"href":"https:\/\/ey-praxis.com\/de\/wp-json\/wp\/v2\/users\/3"}],"replies":[{"embeddable":true,"href":"https:\/\/ey-praxis.com\/de\/wp-json\/wp\/v2\/comments?post=3127"}],"version-history":[{"count":166,"href":"https:\/\/ey-praxis.com\/de\/wp-json\/wp\/v2\/pages\/3127\/revisions"}],"predecessor-version":[{"id":4497,"href":"https:\/\/ey-praxis.com\/de\/wp-json\/wp\/v2\/pages\/3127\/revisions\/4497"}],"wp:featuredmedia":[{"embeddable":true,"href":"https:\/\/ey-praxis.com\/de\/wp-json\/wp\/v2\/media\/3790"}],"wp:attachment":[{"href":"https:\/\/ey-praxis.com\/de\/wp-json\/wp\/v2\/media?parent=3127"}],"curies":[{"name":"wp","href":"https:\/\/api.w.org\/{rel}","templated":true}]}}