{"id":3640,"date":"2025-04-04T17:06:56","date_gmt":"2025-04-04T17:06:56","guid":{"rendered":"https:\/\/ey-praxis.com\/?page_id=3640"},"modified":"2025-06-20T08:46:42","modified_gmt":"2025-06-20T08:46:42","slug":"allgemeine-geschaftsbedingungen","status":"publish","type":"page","link":"https:\/\/ey-praxis.com\/de\/allgemeine-geschaftsbedingungen\/","title":{"rendered":"Allgemeine Gesch\u00e4ftsbedingungen"},"content":{"rendered":"<div draggable=\"false\" data-pm-slice=\"1 1 []\" data-en-clipboard=\"true\">Unsere Website lautet: <a draggable=\"false\" href=\"https:\/\/ey-praxis.com\" rev=\"en_rl_none\">ey-praxis.com<\/a>, nachfolgend als \u201eWebsite\u201c bezeichnet.<\/div>\n<div draggable=\"false\" data-pm-slice=\"1 1 []\" data-en-clipboard=\"true\"><\/div>\n<div draggable=\"false\" data-pm-slice=\"1 1 []\" data-en-clipboard=\"true\">Durch die Nutzung der Website stimmen Sie automatisch den nachstehenden Nutzungsbedingungen zu.<\/div>\n<div draggable=\"false\" data-pm-slice=\"1 1 []\" data-en-clipboard=\"true\"><\/div>\n<div draggable=\"false\" data-pm-slice=\"1 1 []\" data-en-clipboard=\"true\">F\u00fcr die bestm\u00f6gliche Nutzung der Website empfehlen wir Ihnen, die Nutzungsbedingungen sorgf\u00e4ltig zu lesen. Wenn Sie mit diesen nicht einverstanden sind, empfehlen wir Ihnen, die Website nicht zu nutzen.<\/div>\n<div draggable=\"false\" data-pm-slice=\"1 1 []\" data-en-clipboard=\"true\"><\/div>\n<div draggable=\"false\" data-pm-slice=\"1 1 []\" data-en-clipboard=\"true\">Die Website beh\u00e4lt sich das Recht vor, die Nutzungsbedingungen jederzeit und ohne vorherige Ank\u00fcndigung zu \u00e4ndern. Die aktuelle Version der Nutzungsbedingungen ist jederzeit auf der Website verf\u00fcgbar. Bitte \u00fcberpr\u00fcfen Sie diese Seite regelm\u00e4\u00dfig, um \u00fcber etwaige \u00c4nderungen informiert zu sein. Die weitere Nutzung der Website nach einer \u00c4nderung der Nutzungsbedingungen stellt die Zustimmung zu diesen \u00c4nderungen dar.<\/div>\n<div draggable=\"false\" data-pm-slice=\"1 1 []\" data-en-clipboard=\"true\"><\/div>\n<h3 draggable=\"false\" data-pm-slice=\"1 1 []\" data-en-clipboard=\"true\">ALLGEMEINE INFORMATIONEN<\/h3>\n<div draggable=\"false\" data-pm-slice=\"1 1 []\" data-en-clipboard=\"true\">Mit \u201eWebsite\u201c ist die Informationssammlung gemeint, die durch den Zugriff auf die Webadresse <a draggable=\"false\" href=\"https:\/\/ey-praxis.com\" rev=\"en_rl_none\">https:\/\/ey-praxis.com<\/a> bereitgestellt wird. Alle auf der Website angezeigten Preise sind in EURO angegeben.<\/div>\n<div draggable=\"false\" data-pm-slice=\"1 1 []\" data-en-clipboard=\"true\"><\/div>\n<h3 draggable=\"false\" data-pm-slice=\"1 1 []\" data-en-clipboard=\"true\">ERHEBUNG PERSONENBEZOGENER DATEN<\/h3>\n<div draggable=\"false\" data-pm-slice=\"1 1 []\" data-en-clipboard=\"true\">Die Website erhebt personenbezogene Daten gem\u00e4\u00df der <a href=\"https:\/\/ey-praxis.com\/de\/datenschutz-und-cookie-richtlinie\/\">Datenschutzrichtlinie<\/a>.<\/div>\n<div draggable=\"false\" data-pm-slice=\"1 1 []\" data-en-clipboard=\"true\"><\/div>\n<h3 draggable=\"false\" data-pm-slice=\"1 1 []\" data-en-clipboard=\"true\">HYPERLINKS UND ANDERE WEBSITES<\/h3>\n<div draggable=\"false\" data-pm-slice=\"1 1 []\" data-en-clipboard=\"true\">Die Website kann Links zu anderen Websites enthalten, unabh\u00e4ngig davon, ob sie Eigentum der Website sind oder nicht. Die Website ist in keinem Fall verantwortlich f\u00fcr deren Inhalte.<\/div>\n<div draggable=\"false\" data-pm-slice=\"1 1 []\" data-en-clipboard=\"true\"><\/div>\n<h3 draggable=\"false\" data-pm-slice=\"1 1 []\" data-en-clipboard=\"true\">NUTZUNG DER WEBSITE DURCH PERSONEN UNTER 18 JAHREN<\/h3>\n<div draggable=\"false\" data-pm-slice=\"1 1 []\" data-en-clipboard=\"true\">Die Website richtet sich auch an Personen unter 18 Jahren.<\/div>\n<div draggable=\"false\" data-pm-slice=\"1 1 []\" data-en-clipboard=\"true\"><\/div>\n<h3 draggable=\"false\" data-pm-slice=\"1 1 []\" data-en-clipboard=\"true\">AKTIONEN UND GEWINNSPIELE<\/h3>\n<div draggable=\"false\" data-pm-slice=\"1 1 []\" data-en-clipboard=\"true\">Die Website legt die Regeln f\u00fcr Aktionen und Gewinnspiele fest, die sie organisiert. Diese Regeln werden den potenziellen Teilnehmern \u00fcber die Website oder andere Kommunikationskan\u00e4le mitgeteilt.<\/div>\n<div draggable=\"false\" data-pm-slice=\"1 1 []\" data-en-clipboard=\"true\"><\/div>\n<h3 draggable=\"false\" data-pm-slice=\"1 1 []\" data-en-clipboard=\"true\">PERSONENBEZOGENE DATEN<\/h3>\n<div draggable=\"false\" data-pm-slice=\"1 1 []\" data-en-clipboard=\"true\">Der Nutzer ist f\u00fcr alle \u00fcber sein Konto und Passwort durchgef\u00fchrten Aktivit\u00e4ten verantwortlich. Die Website \u00fcbernimmt keine Haftung f\u00fcr Fehler, die durch Fahrl\u00e4ssigkeit des Nutzers in Bezug auf Sicherheit und Vertraulichkeit entstehen. Die pers\u00f6nlichen Daten des Nutzers werden nur f\u00fcr die erkl\u00e4rten Zwecke dieser Website verwendet. Die Daten im Benutzerkonto und im Bestellformular werden zur Bestellbest\u00e4tigung und zur \u00dcbermittlung von Aktionen verwendet. Pers\u00f6nliche Daten k\u00f6nnen jedoch an berechtigte Beh\u00f6rden weitergegeben werden, wenn dies gesetzlich erforderlich ist.<\/div>\n<div draggable=\"false\" data-pm-slice=\"1 1 []\" data-en-clipboard=\"true\"><\/div>\n<h3 draggable=\"false\" data-pm-slice=\"1 1 []\" data-en-clipboard=\"true\">PREISPOLITIK<\/h3>\n<div draggable=\"false\" data-pm-slice=\"1 1 []\" data-en-clipboard=\"true\">Die Preise der Produkte sind f\u00fcr jedes Produkt separat angegeben. Die Website kann Werbekampagnen zu Produkten auf der Website durchf\u00fchren. Die Bedingungen dieser Aktionen werden ausschlie\u00dflich von der Website festgelegt.<\/div>\n<div draggable=\"false\" data-pm-slice=\"1 1 []\" data-en-clipboard=\"true\"><\/div>\n<h3 draggable=\"false\" data-pm-slice=\"1 1 []\" data-en-clipboard=\"true\">RECHTSSTREITIGKEITEN<\/h3>\n<div draggable=\"false\" data-pm-slice=\"1 1 []\" data-en-clipboard=\"true\">Jeder Versuch eines unautorisierten Zugriffs auf die Website oder eines Betrugsversuchs wird unverz\u00fcglich den zust\u00e4ndigen Beh\u00f6rden gemeldet. Streitigkeiten werden einvernehmlich beigelegt. Wenn dies nicht gelingt, erfolgt die L\u00f6sung durch Schiedsgerichtsbarkeit der Internationalen Handelskammer Deutsch. Das Schiedsurteil ist endg\u00fcltig und bindend. H\u00f6here Gewalt befreit die Parteien \u2013 au\u00dfer von Zahlungsverpflichtungen \u2013 w\u00e4hrend deren Dauer.<\/div>\n<div draggable=\"false\" data-pm-slice=\"1 1 []\" data-en-clipboard=\"true\"><\/div>\n<h3 draggable=\"false\" data-pm-slice=\"1 1 []\" data-en-clipboard=\"true\">URHEBERRECHT<\/h3>\n<div draggable=\"false\" data-pm-slice=\"1 1 []\" data-en-clipboard=\"true\">Der gesamte Inhalt der Website \u2013 Bilder, Texte, Grafiken, Symbole, Skripte, Programme \u2013 ist Eigentum der Website und ihrer Anbieter und ist durch Urheberrecht sowie gewerbliche Schutzrechte gesch\u00fctzt. Die Nutzung dieser Inhalte ohne Genehmigung ist gesetzlich verboten.<\/div>\n<div draggable=\"false\" data-pm-slice=\"1 1 []\" data-en-clipboard=\"true\"><\/div>\n<h3 draggable=\"false\" data-pm-slice=\"1 1 []\" data-en-clipboard=\"true\">KOMMENTARE UND KOMMUNIKATIONEN<\/h3>\n<div draggable=\"false\" data-pm-slice=\"1 1 []\" data-en-clipboard=\"true\">Personen, die die Website aufrufen\/besuchen, k\u00f6nnen Kommentare und andere Mitteilungen hinterlassen; sie k\u00f6nnen E-Mails senden, Vorschl\u00e4ge, Ideen, Fragen oder andere Informationen \u00fcbermitteln, sofern deren Inhalt nicht rechtswidrig, obsz\u00f6n, bedrohlich oder verleumderisch ist, nicht in die Privatsph\u00e4re anderer eingreift, keine geistigen Eigentumsrechte verletzt, keine Viren enth\u00e4lt und keine Werbekampagnen, Kettenbriefe, Massen-E-Mails oder andere Formen von Spam darstellt.<\/div>\n<div draggable=\"false\"><\/div>\n<div draggable=\"false\">Personen, die eine falsche E-Mail-Adresse verwenden oder elektronische Nachrichten bzw. andere Mitteilungen im Namen einer anderen nat\u00fcrlichen oder juristischen Person oder sonstigen Entit\u00e4t versenden, werden gem\u00e4\u00df den geltenden Gesetzen zur Rechenschaft gezogen. Die Website hat das Recht (aber nicht die Pflicht), derartige Inhalte zu l\u00f6schen. Die Website \u00fcbernimmt keine Verantwortung und ist in keiner Weise schadensersatzpflichtig f\u00fcr Sch\u00e4den, die durch solche Mitteilungen entstehen.<\/div>\n<div draggable=\"false\"><\/div>\n<div draggable=\"false\">Im Falle der \u00dcbermittlung oder Ver\u00f6ffentlichung von Materialien\/Dokumenten gilt, dass der Nutzer der Website sowie deren verbundenen Unternehmen das nicht-exklusive, unbegrenzte, kostenlose, unwiderrufliche und \u00fcbertragbare Recht einr\u00e4umt, diese Inhalte zu nutzen, zu reproduzieren, zu ver\u00e4ndern, anzupassen, zu ver\u00f6ffentlichen, zu \u00fcbersetzen, abgeleitete Werke zu erstellen sowie sie weltweit in jeglicher Form zu verbreiten oder darzustellen. Zudem wird der Website und ihren verbundenen Unternehmen oder denjenigen, denen sie Lizenzrechte \u00fcbertragen hat, das Recht einger\u00e4umt, den Namen zu verwenden, der mit solchen Inhalten verbunden ist. Der Nutzer garantiert, dass er alle Rechte an den Inhalten besitzt, die er auf der Website ver\u00f6ffentlicht oder \u00fcbermittelt, in jeglicher Form, und dass durch deren Nutzung keine Rechte Dritter verletzt werden. Die Website \u00fcbernimmt keine Verantwortung f\u00fcr den Inhalt der Nachrichten\/Mitteilungen, die von einem Nutzer \u00fcber die Website ver\u00f6ffentlicht oder \u00fcbermittelt werden.<\/div>\n<div draggable=\"false\"><\/div>\n<h3 draggable=\"false\">HAFTUNGSAUSSCHLUSS<\/h3>\n<div draggable=\"false\">Die Inhalte (Texte, Produktbeschreibungen, technische Merkmale) sind Eigentum der Website und ihrer Partner.<\/div>\n<div draggable=\"false\"><\/div>\n<h3 draggable=\"false\">SCHLUSSBESTIMMUNGEN<\/h3>\n<div draggable=\"false\">Sollte eine Klausel ung\u00fcltig sein, bleiben die \u00fcbrigen Klauseln g\u00fcltig. Mit dem Kauf und der Bestellung akzeptiert der Kunde vorbehaltlos die Bedingungen dieser AGB, die einem rechtsverbindlichen Vertrag gleichkommen.<\/div>\n","protected":false},"excerpt":{"rendered":"<p>Unsere Website lautet: ey-praxis.com, nachfolgend als \u201eWebsite\u201c bezeichnet. Durch die Nutzung der Website stimmen Sie automatisch den nachstehenden Nutzungsbedingungen zu. F\u00fcr die bestm\u00f6gliche Nutzung der Website empfehlen wir Ihnen, die Nutzungsbedingungen sorgf\u00e4ltig zu lesen. Wenn Sie mit diesen nicht einverstanden [&hellip;]<\/p>\n","protected":false},"author":2,"featured_media":0,"parent":0,"menu_order":6,"comment_status":"closed","ping_status":"closed","template":"","meta":{"footnotes":""},"class_list":["post-3640","page","type-page","status-publish","hentry"],"yoast_head":"<!-- This site is optimized with the Yoast SEO plugin v27.0 - https:\/\/yoast.com\/product\/yoast-seo-wordpress\/ -->\n<title>Allgemeine Gesch\u00e4ftsbedingungen - EY-Praxis<\/title>\n<meta name=\"robots\" content=\"index, follow, max-snippet:-1, max-image-preview:large, max-video-preview:-1\" \/>\n<link rel=\"canonical\" href=\"https:\/\/ey-praxis.com\/de\/allgemeine-geschaftsbedingungen\/\" \/>\n<meta property=\"og:locale\" content=\"de_DE\" \/>\n<meta property=\"og:type\" content=\"article\" \/>\n<meta property=\"og:title\" content=\"Allgemeine Gesch\u00e4ftsbedingungen - EY-Praxis\" \/>\n<meta property=\"og:description\" content=\"Unsere Website lautet: ey-praxis.com, nachfolgend als \u201eWebsite\u201c bezeichnet. Durch die Nutzung der Website stimmen Sie automatisch den nachstehenden Nutzungsbedingungen zu. F\u00fcr die bestm\u00f6gliche Nutzung der Website empfehlen wir Ihnen, die Nutzungsbedingungen sorgf\u00e4ltig zu lesen. Wenn Sie mit diesen nicht einverstanden [&hellip;]\" \/>\n<meta property=\"og:url\" content=\"https:\/\/ey-praxis.com\/de\/allgemeine-geschaftsbedingungen\/\" \/>\n<meta property=\"og:site_name\" content=\"EY-Praxis\" \/>\n<meta property=\"article:modified_time\" content=\"2025-06-20T08:46:42+00:00\" \/>\n<meta name=\"twitter:card\" content=\"summary_large_image\" \/>\n<meta name=\"twitter:label1\" content=\"Gesch\u00e4tzte Lesezeit\" \/>\n\t<meta name=\"twitter:data1\" content=\"4\u00a0Minuten\" \/>\n<script type=\"application\/ld+json\" class=\"yoast-schema-graph\">{\"@context\":\"https:\/\/schema.org\",\"@graph\":[{\"@type\":\"WebPage\",\"@id\":\"https:\/\/ey-praxis.com\/allgemeine-geschaftsbedingungen\/\",\"url\":\"https:\/\/ey-praxis.com\/allgemeine-geschaftsbedingungen\/\",\"name\":\"Allgemeine Gesch\u00e4ftsbedingungen - EY-Praxis\",\"isPartOf\":{\"@id\":\"https:\/\/ey-praxis.com\/de\/#website\"},\"datePublished\":\"2025-04-04T17:06:56+00:00\",\"dateModified\":\"2025-06-20T08:46:42+00:00\",\"breadcrumb\":{\"@id\":\"https:\/\/ey-praxis.com\/allgemeine-geschaftsbedingungen\/#breadcrumb\"},\"inLanguage\":\"de\",\"potentialAction\":[{\"@type\":\"ReadAction\",\"target\":[\"https:\/\/ey-praxis.com\/allgemeine-geschaftsbedingungen\/\"]}]},{\"@type\":\"BreadcrumbList\",\"@id\":\"https:\/\/ey-praxis.com\/allgemeine-geschaftsbedingungen\/#breadcrumb\",\"itemListElement\":[{\"@type\":\"ListItem\",\"position\":1,\"name\":\"Prima pagin\u0103\",\"item\":\"https:\/\/ey-praxis.com\/\"},{\"@type\":\"ListItem\",\"position\":2,\"name\":\"Allgemeine Gesch\u00e4ftsbedingungen\"}]},{\"@type\":\"WebSite\",\"@id\":\"https:\/\/ey-praxis.com\/de\/#website\",\"url\":\"https:\/\/ey-praxis.com\/de\/\",\"name\":\"EY-Praxis\",\"description\":\"\",\"potentialAction\":[{\"@type\":\"SearchAction\",\"target\":{\"@type\":\"EntryPoint\",\"urlTemplate\":\"https:\/\/ey-praxis.com\/de\/?s={search_term_string}\"},\"query-input\":{\"@type\":\"PropertyValueSpecification\",\"valueRequired\":true,\"valueName\":\"search_term_string\"}}],\"inLanguage\":\"de\"}]}<\/script>\n<!-- \/ Yoast SEO plugin. -->","yoast_head_json":{"title":"Allgemeine Gesch\u00e4ftsbedingungen - EY-Praxis","robots":{"index":"index","follow":"follow","max-snippet":"max-snippet:-1","max-image-preview":"max-image-preview:large","max-video-preview":"max-video-preview:-1"},"canonical":"https:\/\/ey-praxis.com\/de\/allgemeine-geschaftsbedingungen\/","og_locale":"de_DE","og_type":"article","og_title":"Allgemeine Gesch\u00e4ftsbedingungen - EY-Praxis","og_description":"Unsere Website lautet: ey-praxis.com, nachfolgend als \u201eWebsite\u201c bezeichnet. Durch die Nutzung der Website stimmen Sie automatisch den nachstehenden Nutzungsbedingungen zu. F\u00fcr die bestm\u00f6gliche Nutzung der Website empfehlen wir Ihnen, die Nutzungsbedingungen sorgf\u00e4ltig zu lesen. Wenn Sie mit diesen nicht einverstanden [&hellip;]","og_url":"https:\/\/ey-praxis.com\/de\/allgemeine-geschaftsbedingungen\/","og_site_name":"EY-Praxis","article_modified_time":"2025-06-20T08:46:42+00:00","twitter_card":"summary_large_image","twitter_misc":{"Gesch\u00e4tzte Lesezeit":"4\u00a0Minuten"},"schema":{"@context":"https:\/\/schema.org","@graph":[{"@type":"WebPage","@id":"https:\/\/ey-praxis.com\/allgemeine-geschaftsbedingungen\/","url":"https:\/\/ey-praxis.com\/allgemeine-geschaftsbedingungen\/","name":"Allgemeine Gesch\u00e4ftsbedingungen - EY-Praxis","isPartOf":{"@id":"https:\/\/ey-praxis.com\/de\/#website"},"datePublished":"2025-04-04T17:06:56+00:00","dateModified":"2025-06-20T08:46:42+00:00","breadcrumb":{"@id":"https:\/\/ey-praxis.com\/allgemeine-geschaftsbedingungen\/#breadcrumb"},"inLanguage":"de","potentialAction":[{"@type":"ReadAction","target":["https:\/\/ey-praxis.com\/allgemeine-geschaftsbedingungen\/"]}]},{"@type":"BreadcrumbList","@id":"https:\/\/ey-praxis.com\/allgemeine-geschaftsbedingungen\/#breadcrumb","itemListElement":[{"@type":"ListItem","position":1,"name":"Prima pagin\u0103","item":"https:\/\/ey-praxis.com\/"},{"@type":"ListItem","position":2,"name":"Allgemeine Gesch\u00e4ftsbedingungen"}]},{"@type":"WebSite","@id":"https:\/\/ey-praxis.com\/de\/#website","url":"https:\/\/ey-praxis.com\/de\/","name":"EY-Praxis","description":"","potentialAction":[{"@type":"SearchAction","target":{"@type":"EntryPoint","urlTemplate":"https:\/\/ey-praxis.com\/de\/?s={search_term_string}"},"query-input":{"@type":"PropertyValueSpecification","valueRequired":true,"valueName":"search_term_string"}}],"inLanguage":"de"}]}},"_links":{"self":[{"href":"https:\/\/ey-praxis.com\/de\/wp-json\/wp\/v2\/pages\/3640","targetHints":{"allow":["GET"]}}],"collection":[{"href":"https:\/\/ey-praxis.com\/de\/wp-json\/wp\/v2\/pages"}],"about":[{"href":"https:\/\/ey-praxis.com\/de\/wp-json\/wp\/v2\/types\/page"}],"author":[{"embeddable":true,"href":"https:\/\/ey-praxis.com\/de\/wp-json\/wp\/v2\/users\/2"}],"replies":[{"embeddable":true,"href":"https:\/\/ey-praxis.com\/de\/wp-json\/wp\/v2\/comments?post=3640"}],"version-history":[{"count":8,"href":"https:\/\/ey-praxis.com\/de\/wp-json\/wp\/v2\/pages\/3640\/revisions"}],"predecessor-version":[{"id":4423,"href":"https:\/\/ey-praxis.com\/de\/wp-json\/wp\/v2\/pages\/3640\/revisions\/4423"}],"wp:attachment":[{"href":"https:\/\/ey-praxis.com\/de\/wp-json\/wp\/v2\/media?parent=3640"}],"curies":[{"name":"wp","href":"https:\/\/api.w.org\/{rel}","templated":true}]}}