{"id":3,"date":"2025-02-27T11:41:15","date_gmt":"2025-02-27T11:41:15","guid":{"rendered":"https:\/\/ey-praxis.com\/?page_id=3"},"modified":"2025-06-19T10:25:17","modified_gmt":"2025-06-19T10:25:17","slug":"datenschutz-und-cookie-richtlinie","status":"publish","type":"page","link":"https:\/\/ey-praxis.com\/ro\/datenschutz-und-cookie-richtlinie\/","title":{"rendered":"Politica de Confidentialitate"},"content":{"rendered":"<h3 draggable=\"false\" data-pm-slice=\"1 1 []\" data-en-clipboard=\"true\"><b>CINE SUNTEM<\/b><\/h3>\n<div draggable=\"false\" data-pm-slice=\"1 1 []\" data-en-clipboard=\"true\">Website-ul nostru este: ey-praxis.com numit in continuare Site-ul <a draggable=\"false\" href=\"https:\/\/ey-praxis.com\/ro\/\" rev=\"en_rl_none\">ey-praxis.com<\/a>, im Folgenden als \u201eWebsite\u201c bezeichnet.<\/div>\n<div draggable=\"false\" data-pm-slice=\"1 1 []\" data-en-clipboard=\"true\"><\/div>\n<h3 draggable=\"false\"><b>CE DATE PERSONALE COLECTAM<\/b><\/h3>\n<div draggable=\"false\" class=\"translation-block\"><b>Prin completarea formularului de comand\u0103, a formularului de contact, a formularul de comentarii sau abonarea la newsletter<\/b>: nume, prenume, adres\u0103 de livrare, adres\u0103 de facturare, adresa de e-mail.<\/div>\n<div draggable=\"false\" class=\"translation-block\">Prin Google Analytics sau Cookies: IP-uri, date despre sistemul de operare, browserele folosite \u0219i tipul de dispozitive utilizate pentru navigare, \u021bara\/ora\u0219ul de unde accesezi website-ul, ziua \u0219i durata acces\u0103rii, paginile accesate, num\u0103rul de acces\u0103ri ale website-ului etc.<\/div>\n<div draggable=\"false\"><\/div>\n<h3 draggable=\"false\"><b>CUM COLECTAM DATE PERSONALE<\/b><\/h3>\n<div draggable=\"false\" class=\"translation-block\">Site-ul colecteaz\u0103 informa\u021bii de la utilizatori prin urm\u0103toarele modalit\u0103\u021bi:\n\n<br>Direct de la utilizator \u2013 abonare newsletter, completare formular contact \/ comentarii\n\n<br>Indirect: din rapoartele oferite de serviciul extern de monitorizare Google Analytics sau prin intermediul cookieurilor.<\/div>\n<div draggable=\"false\"><\/div>\n<h3 draggable=\"false\"><b>SCOPUL COLECTARII DATELOR<\/b><\/h3>\n<div draggable=\"false\">Datele furnizate \u00een mod direct prin formularul de comand\u0103, formularul de contact sau formularul de comentarii sunt necesare pentru a livra produsele comandate, pentru a identifica persoana \u00een cauz\u0103 \u0219i pentru ca aceasta s\u0103 fie contactat\u0103 sau pentru a participa la discu\u021bii.\n\n<br>\u00cen urma introducerii datelor \u00een aceste formulare Site-ul colecteaz\u0103 date personale, \u00eens\u0103 le p\u0103streaz\u0103 confiden\u021bialitatea. Scopul strict este de a emite factura pentru produsele cump\u0103rate, de a r\u0103spunde la solicit\u0103ri \u0219i de a continua eventuala coresponden\u021b\u0103. Datele cu caracter personal furnizate de dumneavoastr\u0103 pe site nu vor fi \u00eenstr\u0103inate.<\/div>\n<div draggable=\"false\"><\/div>\n<h3 draggable=\"false\"><b>POLITICA PRIVIND FISIERELE COOKIES<\/b><\/h3>\n<div draggable=\"false\">Prezenta Politic\u0103 privind fi\u0219ierele cookies se aplic\u0103 tuturor utilizatorilor Site-ului\n<br>Informa\u021biile prezentate \u00een continuare au ca scop informarea utilizatorilor acestui Site cu privire la plasarea, utilizarea \u0219i administrarea cookie-urilor de c\u0103tre Site \u00een contextul navig\u0103rii utilizatorilor pe aceast\u0103 pagin\u0103 de internet.<\/div>\n<div draggable=\"false\"><\/div>\n<h3 draggable=\"false\"><b>CE SUNT COOKIE-URILE?<\/b><\/h3>\n<div draggable=\"false\">Folosim termenul \u201ecookie\u201d-uri pentru a ne referi la modulele cookie \u0219i la tehnologiile similare prin intermediul c\u0103rora pot fi colectate informa\u021bii \u00een mod automat.\n<br>Un \u201eInternet Cookie\u201d (termen cunoscut \u0219i sub denumirea de \u201ebrowser cookie\u201d sau \u201eHTTP cookie\u201d ori \u201ecookie\u201d) reprezint\u0103 un fi\u0219ier de mici dimensiuni, format din litere \u0219i numere, care va fi stocat pe computerul, terminalul mobil sau pe alte echipamente ale unui utilizator prin intermediul c\u0103rora se acceseaz\u0103 internetul.\nCookie-urile sunt instalate prin solicitarea emis\u0103 de un web-server c\u0103tre un browser (de ex.: Internet Explorer, Firefox, Chrome). Cookie-urile odat\u0103 instalate au o durat\u0103 de existen\u021b\u0103 determinat\u0103, r\u0103m\u00e2n\u00e2nd \u201epasive\u201d, \u00een sensul c\u0103 nu con\u021bin programe software, viru\u0219i sau spyware \u0219i nu vor accesa informa\u021biile de pe hard driverul utilizatorului pe al c\u0103rui echipament au fost instalate.\n<br>Un cookie este format din dou\u0103 p\u0103r\u021bi: numele cookie-ului; \u0219i con\u021binutul sau valoarea cookie-ului.\n<br>Din punct de vedere tehnic, doar web-serverul care a trimis cookie-ul \u00eel poate accesa din nou \u00een momentul \u00een care un utilizator se \u00eentoarce pe pagina de internet asociat\u0103 web-serverului respectiv.<\/div>\n<div draggable=\"false\"><\/div>\n<h3 draggable=\"false\"><b>Pentru ce scopuri sunt utilizate cookie-urile prin intermediul acestei pagini de internet:<\/b><\/h3>\n<div draggable=\"false\">Cookie-urile sunt utilizate pentru a furniza utilizatorilor acestei pagini de internet o experien\u021b\u0103 mai bun\u0103 de navigare \u0219i servicii adaptate nevoilor \u0219i interesului fiec\u0103rui utilizator \u00een parte \u0219i anume pentru:<\/div>\n<div draggable=\"false\">\u2013 \u00eembun\u0103t\u0103\u021birea utiliz\u0103rii acestei pagini de internet, inclusiv prin identificarea oric\u0103ror erori care apar \u00een timpul vizit\u0103rii\/utiliz\u0103rii acesteia de c\u0103tre utilizatori;<\/div>\n<div draggable=\"false\">\u2013 furnizarea de statistici anonime cu privire la modul \u00een care este utilizat\u0103 aceast\u0103 pagin\u0103 de internet c\u0103tre Site, \u00een calitate de de\u021bin\u0103tor al acestei pagini de internet;<\/div>\n<div draggable=\"false\">\u2013 anticiparea unor eventuale bunuri care vor fi \u00een viitor puse la dispozi\u021bia utilizatorilor prin intermediul acestei pagini de internet, \u00een func\u021bie de serviciile \/ produsele accesate.<\/div>\n<div draggable=\"false\"><\/div>\n<div draggable=\"false\">Pe baza feedback-ului transmis prin cookie-uri \u00een leg\u0103tur\u0103 cu modul \u00een care se utilizeaz\u0103 aceast\u0103 pagin\u0103 de internet, putem adopta m\u0103suri pentru ca aceast\u0103 pagin\u0103 de internet s\u0103 fie mai eficient\u0103 \u0219i mai accesibil\u0103 pentru utilizatori. Astfel, utilizarea cookie-urilor permite memorarea anumitor set\u0103ri\/preferin\u021be stabilite de c\u0103tre utilizatorii acestei pagini de internet, precum:<\/div>\n<div draggable=\"false\">\u2013 limba \u00een care este vizualizat\u0103 o pagin\u0103 de internet;<\/div>\n<div draggable=\"false\">\u2013 postarea comentariilor pe site.<\/div>\n<div draggable=\"false\"><\/div>\n<h3 draggable=\"false\"><b>CARE ESTE DURATA DE VIA\u021a\u0102 A COOKIE-URILOR?<\/b><\/h3>\n<div draggable=\"false\">Durata de via\u021b\u0103 a cookie-urilor poate varia semnificativ, depinz\u00e2nd de scopul pentru care este plasat. Exist\u0103 urm\u0103toarele categorii de cookie-uri care determin\u0103 \u0219i durata de via\u021b\u0103 a acestora:<\/div>\n<div draggable=\"false\">\u2013 Cookie-uri de sesiune \u2013 Un \u201ecookie de sesiune\u201d este un cookie care este \u0219ters automat c\u00e2nd utilizatorul \u00ee\u0219i \u00eenchide browserul.<\/div>\n<div draggable=\"false\">\u2013 Cookie-uri persistente sau fixe \u2013 Un \u201ecookie persistent\u201d sau \u201efix\u201d este un cookie care r\u0103m\u00e2ne stocat \u00een terminalul utilizatorului p\u00e2n\u0103 c\u00e2nd atinge o anumit\u0103 dat\u0103 de expirare (care poate fi \u00een c\u00e2teva minute, zile sau c\u00e2\u021biva ani \u00een viitor) sau p\u00e2n\u0103 la \u0219tegerea acestuia de c\u0103tre utilizator \u00een orice moment prin intermediul set\u0103rilor browserului.<\/div>\n<div draggable=\"false\"><\/div>\n<h3 draggable=\"false\"><b>CE SUNT COOKIE-URILE PLASATE DE TER\u021aI?<\/b><\/h3>\n<div draggable=\"false\">Anumite sec\u021biuni de con\u021binut de pe pagina de internet pot fi furnizate prin intermediul unor ter\u021bi, caz \u00een care aceste cookie-uri sunt denumite cookie-uri plasate de ter\u021bi (\u201ethird party cookie-uri\u201d).\n<br>Ter\u021bii furnizori ai cookie-urilor trebuie s\u0103 respecte, de asemenea, regulile \u00een materie de protec\u021bie a datelor \u0219i Politica de Confiden\u021bialitate.\n<br>Aceste cookie-uri pot proveni de la urmatorii ter\u021bi: Google Analytics, Facebook, Instagram, etc<\/div>\n<div draggable=\"false\"><\/div>\n<h3 draggable=\"false\"><b>CE COOKIE-URI SUNT FOLOSITE PRIN INTERMEDIUL ACESTEI PAGINI DE INTERNET<\/b><\/h3>\n<div draggable=\"false\">Prin utilizarea\/vizitarea paginii de internet pot fi plasate urm\u0103toarele cookie-uri:<\/div>\n<div draggable=\"false\"><strong>Cookie-uri de performan\u021b\u0103 a paginii de internet;<\/strong><\/div>\n<div draggable=\"false\">Prin acest tip de cookie-uri sunt memorate preferin\u021bele utilizatorului acestei pagini de internet, astfel \u00eenc\u00e2t setarea din nou a preferin\u021belor \u00een cazul vizit\u0103rii ulterioare a paginii de internet nu mai este necesar\u0103.<\/div>\n<div draggable=\"false\"><strong>Cookie-uri de analiz\u0103 a utilizatorilor<\/strong><\/div>\n<div draggable=\"false\">Aceste cookie-uri ne informeaz\u0103 dac\u0103 un anumit utilizator al paginii de internet a mai vizitat\/utilizat aceast\u0103 pagin\u0103 de internet anterior. Aceste cookie-uri sunt utilizate doar \u00een scopuri statistice.<\/div>\n<div draggable=\"false\"><strong>Cookie-uri pentru geotargetting<\/strong><\/div>\n<div draggable=\"false\">Aceste cookie-uri sunt utilizate de c\u0103tre un soft care stabile\u0219te \u021bara de provenien\u021b\u0103 a utilizatorului paginii de internet. Vor fi primite acelea\u0219i reclame indiferent de limba selectat\u0103.<\/div>\n<div draggable=\"false\"><strong>Cookie-uri pentru \u00eenregistrare<\/strong><\/div>\n<div draggable=\"false\">Aceste cookie-uri ne informeaz\u0103 dac\u0103 un anumit utilizator al paginii de internet a mai vizitat\/utilizat aceast\u0103 pagin\u0103 de internet anterior. Aceste cookie-uri sunt utilizate doar \u00een scopuri statistice.<\/div>\n<div draggable=\"false\"><strong>Cookie-uri pentru publicitate<\/strong><\/div>\n<div draggable=\"false\">Aceste cookie-uri permit aflarea vizualiz\u0103rii de c\u0103tre un utilizator a unei reclame online, tipul acesteia \u0219i timpul scurs de la momentul vizualiz\u0103rii respectviului mesaj publicitar. Ca atare, astfel de cookie-uri sunt folosite pentru targetarea publicit\u0103\u021bii online. Aceste cookie-uri sunt anonime, stoc\u00e2nd informa\u021bii despre contentul vizualizat, nu \u0219i despre utilizatori.<\/div>\n<div draggable=\"false\"><\/div>\n<h3 draggable=\"false\"><b>CE TIP DE INFORMA\u021aII SUNT STOCATE \u0218I ACCESATE PRIN INTERMEDIUL COOKIE-URILOR?<\/b><\/h3>\n<div draggable=\"false\">Cookie-urile p\u0103streaz\u0103 informa\u021bii \u00eentr-un fi\u0219ier text de mici dimensiuni care permit recunoa\u0219terea browserului. Aceast\u0103 pagin\u0103 de internet recunoa\u0219te browserul p\u00e2n\u0103 c\u00e2nd cookie-urile expir\u0103 sau sunt \u0219terse.<\/div>\n<div draggable=\"false\"><\/div>\n<h3 draggable=\"false\"><b>SET\u0102RILE BROWSERULUI \u00ceN CEEA CE PRIVE\u0218TE COOKIE-URILE<\/b><\/h3>\n<div draggable=\"false\">\u00cen cazul \u00een care utilizarea cookie-urilor nu este deranjant\u0103 iar calculatorul sau echipamentul tehnic utilizat pentru navigarea pe aceast\u0103 pagin\u0103 de internet este folosit doar de c\u0103tre dumneavoastr\u0103, pot fi setate termene lungi de expirare pentru stocrarea istoricului de navigare.\n<br>\u00cen cazul \u00een care calculatorul sau echipamentul tehnic utilizat pentru navigarea pe aceast\u0103 pagin\u0103 de internet este folosit de mai multe persoane, poate fi luat\u0103 \u00een considerare setarea pentru \u0219tergerea datelor individuale de navigare de fiecare dat\u0103 c\u00e2nd browserul este \u00eenchis.<\/div>\n<div draggable=\"false\"><\/div>\n<h3 draggable=\"false\"><b>CUM POT FI OPRITE COOKIE-URILE?<\/b><\/h3>\n<div draggable=\"false\">Dezactivarea \u0219i refuzul de a primi cookie-uri pot face aceast\u0103 pagin\u0103 de internet dificil de vizitat, atr\u0103g\u00e2nd dup\u0103 sine limit\u0103ri ale posibilit\u0103\u021bilor de utilizare ale acesteia.<\/div>\n<div draggable=\"false\">Utilizatorii \u00ee\u0219i pot configura browserul s\u0103 resping\u0103 fi\u0219ierele cookie sau s\u0103 fie acceptate cookie-uri de la o pagin\u0103 de internet anume.\nToate browserele moderne ofer\u0103 posibilitatea de a schimba set\u0103rile cookie-urilor. Aceste set\u0103ri pot fi accesate, ca regul\u0103, \u00een sec\u021biunea \u201eop\u021biuni\u201d sau \u00een meniul de \u201epreferin\u021be\u201d al browserului t\u0103u.<\/div>\n<div draggable=\"false\">Totu\u0219i, refuzarea sau dezactivarea cookie-urilor nu \u00eenseamn\u0103 c\u0103 nu ve\u021bi mai primi publicitate online \u2013 ci doar ca aceasta nu va fi adaptat\u0103 preferin\u021belor \u0219i interesele dumneavoastr\u0103, eviden\u021biate prin comportamentul de navigare.<\/div>\n<div draggable=\"false\"><\/div>\n<h3 draggable=\"false\"><b>Pentru a \u00een\u021belege aceste set\u0103ri, urm\u0103toarele linkuri pot fi folositoare:<\/b><\/h3>\n<div draggable=\"false\">- Cookie settings in Internet Explorer<\/div>\n<div draggable=\"false\">- Cookie settings in Firefox<\/div>\n<div draggable=\"false\">- Cookie settings in Chrome<\/div>\n<div draggable=\"false\">- Cookie settings in Safari<\/div>","protected":false},"excerpt":{"rendered":"<p>WER WIR SIND Unsere Website lautet: ey-praxis.com, im Folgenden als \u201eWebsite\u201c bezeichnet. WELCHE PERSONENBEZOGENEN DATEN WIR ERHEBEN Durch das Ausf\u00fcllen des Bestellformulars, Kontaktformulars, Kommentarformulars oder das Abonnieren des Newsletters: Vorname, Nachname, Lieferadresse, Rechnungsadresse, E-Mail-Adresse. Durch Google Analytics oder Cookies: IP-Adressen, [&hellip;]<\/p>\n","protected":false},"author":2,"featured_media":0,"parent":0,"menu_order":7,"comment_status":"closed","ping_status":"closed","template":"","meta":{"footnotes":""},"class_list":["post-3","page","type-page","status-publish","hentry"],"yoast_head":"<!-- This site is optimized with the Yoast SEO plugin v27.0 - https:\/\/yoast.com\/product\/yoast-seo-wordpress\/ -->\n<title>Datenschutz- und Cookie-Richtlinie - EY-Praxis<\/title>\n<meta name=\"robots\" content=\"index, follow, max-snippet:-1, max-image-preview:large, max-video-preview:-1\" \/>\n<link rel=\"canonical\" href=\"https:\/\/ey-praxis.com\/ro\/datenschutz-und-cookie-richtlinie\/\" \/>\n<meta property=\"og:locale\" content=\"ro_RO\" \/>\n<meta property=\"og:type\" content=\"article\" \/>\n<meta property=\"og:title\" content=\"Datenschutz- und Cookie-Richtlinie - EY-Praxis\" \/>\n<meta property=\"og:description\" content=\"WER WIR SIND Unsere Website lautet: ey-praxis.com, im Folgenden als \u201eWebsite\u201c bezeichnet. WELCHE PERSONENBEZOGENEN DATEN WIR ERHEBEN Durch das Ausf\u00fcllen des Bestellformulars, Kontaktformulars, Kommentarformulars oder das Abonnieren des Newsletters: Vorname, Nachname, Lieferadresse, Rechnungsadresse, E-Mail-Adresse. Durch Google Analytics oder Cookies: IP-Adressen, [&hellip;]\" \/>\n<meta property=\"og:url\" content=\"https:\/\/ey-praxis.com\/ro\/datenschutz-und-cookie-richtlinie\/\" \/>\n<meta property=\"og:site_name\" content=\"EY-Praxis\" \/>\n<meta property=\"article:modified_time\" content=\"2025-06-19T10:25:17+00:00\" \/>\n<meta name=\"twitter:card\" content=\"summary_large_image\" \/>\n<meta name=\"twitter:label1\" content=\"Timp estimat pentru citire\" \/>\n\t<meta name=\"twitter:data1\" content=\"4 minute\" \/>\n<script type=\"application\/ld+json\" class=\"yoast-schema-graph\">{\"@context\":\"https:\/\/schema.org\",\"@graph\":[{\"@type\":\"WebPage\",\"@id\":\"https:\/\/ey-praxis.com\/datenschutz-und-cookie-richtlinie\/\",\"url\":\"https:\/\/ey-praxis.com\/datenschutz-und-cookie-richtlinie\/\",\"name\":\"Datenschutz- und Cookie-Richtlinie - EY-Praxis\",\"isPartOf\":{\"@id\":\"https:\/\/ey-praxis.com\/de\/#website\"},\"datePublished\":\"2025-02-27T11:41:15+00:00\",\"dateModified\":\"2025-06-19T10:25:17+00:00\",\"breadcrumb\":{\"@id\":\"https:\/\/ey-praxis.com\/datenschutz-und-cookie-richtlinie\/#breadcrumb\"},\"inLanguage\":\"ro-RO\",\"potentialAction\":[{\"@type\":\"ReadAction\",\"target\":[\"https:\/\/ey-praxis.com\/datenschutz-und-cookie-richtlinie\/\"]}]},{\"@type\":\"BreadcrumbList\",\"@id\":\"https:\/\/ey-praxis.com\/datenschutz-und-cookie-richtlinie\/#breadcrumb\",\"itemListElement\":[{\"@type\":\"ListItem\",\"position\":1,\"name\":\"Prima pagin\u0103\",\"item\":\"https:\/\/ey-praxis.com\/\"},{\"@type\":\"ListItem\",\"position\":2,\"name\":\"Datenschutz- und Cookie-Richtlinie\"}]},{\"@type\":\"WebSite\",\"@id\":\"https:\/\/ey-praxis.com\/de\/#website\",\"url\":\"https:\/\/ey-praxis.com\/de\/\",\"name\":\"EY-Praxis\",\"description\":\"\",\"potentialAction\":[{\"@type\":\"SearchAction\",\"target\":{\"@type\":\"EntryPoint\",\"urlTemplate\":\"https:\/\/ey-praxis.com\/de\/?s={search_term_string}\"},\"query-input\":{\"@type\":\"PropertyValueSpecification\",\"valueRequired\":true,\"valueName\":\"search_term_string\"}}],\"inLanguage\":\"ro-RO\"}]}<\/script>\n<!-- \/ Yoast SEO plugin. -->","yoast_head_json":{"title":"Datenschutz- und Cookie-Richtlinie - EY-Praxis","robots":{"index":"index","follow":"follow","max-snippet":"max-snippet:-1","max-image-preview":"max-image-preview:large","max-video-preview":"max-video-preview:-1"},"canonical":"https:\/\/ey-praxis.com\/ro\/datenschutz-und-cookie-richtlinie\/","og_locale":"ro_RO","og_type":"article","og_title":"Datenschutz- und Cookie-Richtlinie - EY-Praxis","og_description":"WER WIR SIND Unsere Website lautet: ey-praxis.com, im Folgenden als \u201eWebsite\u201c bezeichnet. WELCHE PERSONENBEZOGENEN DATEN WIR ERHEBEN Durch das Ausf\u00fcllen des Bestellformulars, Kontaktformulars, Kommentarformulars oder das Abonnieren des Newsletters: Vorname, Nachname, Lieferadresse, Rechnungsadresse, E-Mail-Adresse. Durch Google Analytics oder Cookies: IP-Adressen, [&hellip;]","og_url":"https:\/\/ey-praxis.com\/ro\/datenschutz-und-cookie-richtlinie\/","og_site_name":"EY-Praxis","article_modified_time":"2025-06-19T10:25:17+00:00","twitter_card":"summary_large_image","twitter_misc":{"Timp estimat pentru citire":"4 minute"},"schema":{"@context":"https:\/\/schema.org","@graph":[{"@type":"WebPage","@id":"https:\/\/ey-praxis.com\/datenschutz-und-cookie-richtlinie\/","url":"https:\/\/ey-praxis.com\/datenschutz-und-cookie-richtlinie\/","name":"Datenschutz- und Cookie-Richtlinie - EY-Praxis","isPartOf":{"@id":"https:\/\/ey-praxis.com\/de\/#website"},"datePublished":"2025-02-27T11:41:15+00:00","dateModified":"2025-06-19T10:25:17+00:00","breadcrumb":{"@id":"https:\/\/ey-praxis.com\/datenschutz-und-cookie-richtlinie\/#breadcrumb"},"inLanguage":"ro-RO","potentialAction":[{"@type":"ReadAction","target":["https:\/\/ey-praxis.com\/datenschutz-und-cookie-richtlinie\/"]}]},{"@type":"BreadcrumbList","@id":"https:\/\/ey-praxis.com\/datenschutz-und-cookie-richtlinie\/#breadcrumb","itemListElement":[{"@type":"ListItem","position":1,"name":"Prima pagin\u0103","item":"https:\/\/ey-praxis.com\/"},{"@type":"ListItem","position":2,"name":"Datenschutz- und Cookie-Richtlinie"}]},{"@type":"WebSite","@id":"https:\/\/ey-praxis.com\/de\/#website","url":"https:\/\/ey-praxis.com\/de\/","name":"EY-Praxis","description":"","potentialAction":[{"@type":"SearchAction","target":{"@type":"EntryPoint","urlTemplate":"https:\/\/ey-praxis.com\/de\/?s={search_term_string}"},"query-input":{"@type":"PropertyValueSpecification","valueRequired":true,"valueName":"search_term_string"}}],"inLanguage":"ro-RO"}]}},"_links":{"self":[{"href":"https:\/\/ey-praxis.com\/ro\/wp-json\/wp\/v2\/pages\/3","targetHints":{"allow":["GET"]}}],"collection":[{"href":"https:\/\/ey-praxis.com\/ro\/wp-json\/wp\/v2\/pages"}],"about":[{"href":"https:\/\/ey-praxis.com\/ro\/wp-json\/wp\/v2\/types\/page"}],"author":[{"embeddable":true,"href":"https:\/\/ey-praxis.com\/ro\/wp-json\/wp\/v2\/users\/2"}],"replies":[{"embeddable":true,"href":"https:\/\/ey-praxis.com\/ro\/wp-json\/wp\/v2\/comments?post=3"}],"version-history":[{"count":15,"href":"https:\/\/ey-praxis.com\/ro\/wp-json\/wp\/v2\/pages\/3\/revisions"}],"predecessor-version":[{"id":4398,"href":"https:\/\/ey-praxis.com\/ro\/wp-json\/wp\/v2\/pages\/3\/revisions\/4398"}],"wp:attachment":[{"href":"https:\/\/ey-praxis.com\/ro\/wp-json\/wp\/v2\/media?parent=3"}],"curies":[{"name":"wp","href":"https:\/\/api.w.org\/{rel}","templated":true}]}}