{"id":3127,"date":"2025-03-05T10:16:05","date_gmt":"2025-03-05T10:16:05","guid":{"rendered":"https:\/\/ey-praxis.com\/?page_id=3127"},"modified":"2026-02-05T11:23:46","modified_gmt":"2026-02-05T11:23:46","slug":"uber-mich","status":"publish","type":"page","link":"https:\/\/ey-praxis.com\/ro\/uber-mich\/","title":{"rendered":"DESPRE MINE"},"content":{"rendered":"<div class=\"wpb-content-wrapper\"><div class=\"mkdf-row-grid-section-wrapper\"  ><div class=\"mkdf-row-grid-section\"><div class=\"vc_row wpb_row vc_row-fluid vc_custom_1750169061564 vc_row-o-content-top vc_row-flex\" ><div class=\"wpb_column vc_column_container vc_col-sm-6\"><div class=\"vc_column-inner\"><div class=\"wpb_wrapper\">\n\t<div class=\"wpb_text_column wpb_content_element\" >\n\t\t<div class=\"wpb_wrapper\">\n\t\t\t<h2 draggable=\"false\" data-pm-slice=\"1 1 &#091;&#093;\" data-en-clipboard=\"true\">Bun\u0103! Sunt Gabriela Schubert-Miron<\/h2>\n<h3 draggable=\"false\" data-pm-slice=\"1 1 &#091;&#093;\" data-en-clipboard=\"true\">Specialist \u00een Brain Remodeling \u0219i Terapia Bowen<\/h3>\n\n\t\t<\/div>\n\t<\/div>\n<div class=\"vc_empty_space\"   style=\"height: 32px\"><span class=\"vc_empty_space_inner\"><\/span><\/div>\n\t<div class=\"wpb_text_column wpb_content_element\" >\n\t\t<div class=\"wpb_wrapper\">\n\t\t\t<div style=\"text-align: left;\" draggable=\"false\" data-pm-slice=\"1 1 &#091;&#093;\" data-en-clipboard=\"true\">\n<p>\u00cenc\u0103 din adolescen\u021b\u0103, mi s-a p\u0103rut fascinant s\u0103 observ comportamentul oamenilor. La un moment dat m-am \u00eentrebat de ce \u00een aceea\u0219i situa\u021bie, fiecare reac\u021bioneaz\u0103 diferit \u0219i de ce percep\u021biile pot varia at\u00e2t de mult, in ciuda faptului ca to\u021bi au tr\u0103it acelea\u0219i experien\u021be. Mi-ar fi pl\u0103cut s\u0103 devin psihoterapeut, \u00eens\u0103, ca multi dintre noi, i-am lasat pe parinti, mai mult sau mai putin, sa-mi aleaga drumul profesional si asa am ajuns pe drumul medicinii \u0219i am devenit chirurg.<\/p>\n<p class=\"translation-block\">Pe drumul pe care l-am \u00eenceput, la fel ca mul\u021bi dintre noi, mi-am pus \u00eentrebarea <b>\u201eCine sunt eu?\u201d<\/b>. Aceasta m-a determinat s\u0103 \u00eemi \u00eencep propria explorare \u0219i descoperire de sine. Totu\u0219i, dup\u0103 12 ani de terapie, \u00eenc\u0103 nu eram mul\u021bumit\u0103 de locul \u00een care m\u0103 aflam, nici pe plan profesional, nici \u00een via\u021ba personal\u0103. Vroiam mai mult! O afirma\u021bie a ultimului terapeut cu care am lucrat mi-a r\u0103mas \u00eentip\u0103rit\u0103 \u00een minte: <b>\u201eS\u0103 fiu RECUNOSCATOARE pentru trecut.\u201d<\/b><\/p>\n<p>CE \u00ceNSEAMN\u0102 ASTA \u2013 S\u0102 FII RECUNOSC\u0102TOR?! Oare nu a auzit prin ce am trecut?<\/p>\n<\/div>\n\n\t\t<\/div>\n\t<\/div>\n<\/div><\/div><\/div><div class=\"wpb_column vc_column_container vc_col-sm-6\"><div class=\"vc_column-inner\"><div class=\"wpb_wrapper\">\n\t<div  class=\"wpb_single_image wpb_content_element vc_align_left wpb_content_element\">\n\t\t\n\t\t<figure class=\"wpb_wrapper vc_figure\">\n\t\t\t<div class=\"vc_single_image-wrapper   vc_box_border_grey\"><img loading=\"lazy\" decoding=\"async\" width=\"800\" height=\"1000\" src=\"https:\/\/ey-praxis.com\/wp-content\/uploads\/2025\/04\/terapie_bowen_despre_mine2.jpg\" class=\"vc_single_image-img attachment-full\" alt=\"\" title=\"terapie_bowen_despre_mine2\" srcset=\"https:\/\/ey-praxis.com\/wp-content\/uploads\/2025\/04\/terapie_bowen_despre_mine2.jpg 800w, https:\/\/ey-praxis.com\/wp-content\/uploads\/2025\/04\/terapie_bowen_despre_mine2-240x300.jpg 240w, https:\/\/ey-praxis.com\/wp-content\/uploads\/2025\/04\/terapie_bowen_despre_mine2-768x960.jpg 768w\" sizes=\"auto, (max-width: 800px) 100vw, 800px\" \/><\/div>\n\t\t<\/figure>\n\t<\/div>\n<\/div><\/div><\/div><\/div><\/div><\/div><div class=\"mkdf-row-grid-section-wrapper\"  style=\"background-color:#00000000\"><div class=\"mkdf-row-grid-section\"><div class=\"vc_row wpb_row vc_row-fluid vc_custom_1750248752444 vc_row-o-content-top vc_row-flex\" ><div class=\"wpb_column vc_column_container vc_col-sm-6 vc_hidden-xs\"><div class=\"vc_column-inner\"><div class=\"wpb_wrapper\">\n\t<div  class=\"wpb_single_image wpb_content_element vc_align_left wpb_content_element\">\n\t\t\n\t\t<figure class=\"wpb_wrapper vc_figure\">\n\t\t\t<div class=\"vc_single_image-wrapper   vc_box_border_grey\"><img loading=\"lazy\" decoding=\"async\" width=\"800\" height=\"1000\" src=\"https:\/\/ey-praxis.com\/wp-content\/uploads\/2025\/04\/terapia_bowen_contact.jpg\" class=\"vc_single_image-img attachment-full\" alt=\"\" title=\"terapia_bowen_contact\" srcset=\"https:\/\/ey-praxis.com\/wp-content\/uploads\/2025\/04\/terapia_bowen_contact.jpg 800w, https:\/\/ey-praxis.com\/wp-content\/uploads\/2025\/04\/terapia_bowen_contact-240x300.jpg 240w, https:\/\/ey-praxis.com\/wp-content\/uploads\/2025\/04\/terapia_bowen_contact-768x960.jpg 768w\" sizes=\"auto, (max-width: 800px) 100vw, 800px\" \/><\/div>\n\t\t<\/figure>\n\t<\/div>\n<\/div><\/div><\/div><div class=\"wpb_column vc_column_container vc_col-sm-6\"><div class=\"vc_column-inner\"><div class=\"wpb_wrapper\">\n\t<div class=\"wpb_text_column wpb_content_element\" >\n\t\t<div class=\"wpb_wrapper\">\n\t\t\t<p style=\"text-align: left;\" draggable=\"false\" data-pm-slice=\"1 1 &#091;&#093;\" data-en-clipboard=\"true\">\u00cen mai 2023, am ajuns (\u00eent\u00e2mpl\u0103tor sau nu) la o \u0219edin\u021b\u0103 de constela\u021bie familial\u0103, in cadrul careia mi s-a spus c\u0103 problema mea se datoreaz\u0103 faptului c\u0103 rela\u021bia cu tata nu este rezolvat\u0103. \u201eCum adic\u0103 nu este rezolvat\u0103?\u201d, s-a ivit imediat \u00eentrebarea \u00een mintea mea. Tocmai la asta am lucrat ani de zile! Aceast\u0103 revela\u021bie m-a f\u0103cut s\u0103 m\u0103 simt frustrat\u0103 \u0219i confuz\u0103. Dup\u0103 12 ani de terapie, m\u0103 aflam tot \u00een acela\u0219i punct. Astfel am decis sa renunt la terapie.<\/p>\n<p style=\"text-align: left;\" draggable=\"false\" class=\"translation-block\">\u0218i pentru c\u0103 setea mea de cunoa\u0219tere de sine nu s-a oprit doar pentru c\u0103 drumul pe care-l alesem nu adusese rezultatele scontate, am continuat s\u0103 caut. Dup\u0103 c\u00e2teva s\u0103pt\u0103m\u00e2ni, am descoperit programele de Brain Remodeling din Inspired Life, create de Monica Ion. Era ceva diferit de psihoterapie, dar metoda promitea ca rezultatele apar pana \u00een 6-12 luni. . Si la ea am auzit pentru a doua oara despre <b>RECUNOSTINTA PENTRU TRECUT<\/b>.<\/p>\n<p style=\"text-align: left;\" draggable=\"false\">Ca o ultima incercare, am decis sa particip la unul din programe. \u0218i, spre surprinderea mea, a func\u021bionat! Am ajuns s\u0103 fiu recunosc\u0103toare pentru momentele pe care le-am lucrat, exact a\u0219a cum s-au \u00eent\u00e2mplat ele!<\/p>\n<div draggable=\"false\">\n<p style=\"text-align: left;\" draggable=\"false\" data-pm-slice=\"1 1 &#091;&#093;\" data-en-clipboard=\"true\">Dup\u0103 doi ani de lucru intens cu mine \u00eens\u0103mi \u0219i dup\u0103 o preg\u0103tire de \u0219ase luni, am decis s\u0103 renun\u021b la profesia de chirurg pe care am practicat-o timp de aproximativ 20 de ani. Aceasta a venit ca o alegere naturala, dar si din dorin\u021ba de a-i sus\u021bine pe al\u021bii care se confrunt\u0103 cu acelea\u0219i provoc\u0103ri cu care m-am \u00eent\u00e2lnit \u0219i eu.<\/p>\n<p style=\"text-align: left;\" draggable=\"false\">Imi doresc sa-i sustin s\u0103 evolueze \u0219i s\u0103 \u00ee\u0219i g\u0103seasc\u0103 propriul drum spre cunoa\u0219tere de sine \u0219i \u00eemplinire.<\/p>\n<p style=\"text-align: left;\" draggable=\"false\">Aceast\u0103 tranzi\u021bie a fost un pas important \u00een via\u021ba mea, iar acum m\u0103 simt \u00eemplinit\u0103 s\u0103 pot contribui la dezvoltarea altora.<\/p>\n<\/div>\n\n\t\t<\/div>\n\t<\/div>\n<\/div><\/div><\/div><div class=\"wpb_column vc_column_container vc_col-sm-12 vc_hidden-lg vc_hidden-md vc_hidden-sm\"><div class=\"vc_column-inner\"><div class=\"wpb_wrapper\">\n\t<div  class=\"wpb_single_image wpb_content_element vc_align_left wpb_content_element\">\n\t\t\n\t\t<figure class=\"wpb_wrapper vc_figure\">\n\t\t\t<div class=\"vc_single_image-wrapper   vc_box_border_grey\"><img loading=\"lazy\" decoding=\"async\" width=\"800\" height=\"1000\" src=\"https:\/\/ey-praxis.com\/wp-content\/uploads\/2025\/04\/terapia_bowen_contact.jpg\" class=\"vc_single_image-img attachment-full\" alt=\"\" title=\"terapia_bowen_contact\" srcset=\"https:\/\/ey-praxis.com\/wp-content\/uploads\/2025\/04\/terapia_bowen_contact.jpg 800w, https:\/\/ey-praxis.com\/wp-content\/uploads\/2025\/04\/terapia_bowen_contact-240x300.jpg 240w, https:\/\/ey-praxis.com\/wp-content\/uploads\/2025\/04\/terapia_bowen_contact-768x960.jpg 768w\" sizes=\"auto, (max-width: 800px) 100vw, 800px\" \/><\/div>\n\t\t<\/figure>\n\t<\/div>\n<div class=\"vc_empty_space\"   style=\"height: 50px\"><span class=\"vc_empty_space_inner\"><\/span><\/div><\/div><\/div><\/div><\/div><\/div><\/div><div class=\"vc_row wpb_row vc_row-fluid\" style=\"background-color:#F5E8DF\"><div class=\"wpb_column vc_column_container vc_col-sm-3\"><div class=\"vc_column-inner\"><div class=\"wpb_wrapper\"><\/div><\/div><\/div><div class=\"wpb_column vc_column_container vc_col-sm-6\"><div class=\"vc_column-inner\"><div class=\"wpb_wrapper\"><div class=\"vc_empty_space\"   style=\"height: 80px\"><span class=\"vc_empty_space_inner\"><\/span><\/div>\n\t<div class=\"wpb_text_column wpb_content_element\" >\n\t\t<div class=\"wpb_wrapper\">\n\t\t\t<p><img loading=\"lazy\" decoding=\"async\" class=\"alignnone wp-image-3857 aligncenter\" src=\"https:\/\/ey-praxis.com\/wp-content\/uploads\/2025\/04\/Empower-Yourself-Logo-Mark-300x262.png\" alt=\"\" width=\"158\" height=\"138\" srcset=\"https:\/\/ey-praxis.com\/wp-content\/uploads\/2025\/04\/Empower-Yourself-Logo-Mark-300x262.png 300w, https:\/\/ey-praxis.com\/wp-content\/uploads\/2025\/04\/Empower-Yourself-Logo-Mark.png 572w\" sizes=\"auto, (max-width: 158px) 100vw, 158px\" \/><\/p>\n<h3 style=\"text-align: center;\" draggable=\"false\" data-pm-slice=\"1 1 &#091;&#093;\" data-en-clipboard=\"true\" class=\"translation-block\">De ce <b>Brain Remodeling<\/b>? Pentru c\u0103 ofer\u0103 o abordare care este \u201emai rapid\u0103 dec\u00e2t terapia, mai inteligent\u0103 dec\u00e2t coachingul\u201d, a\u0219a cum spune <b>Monica Ion, expert \u00een Brain Remodeling<\/b>.<\/h3>\n\n\t\t<\/div>\n\t<\/div>\n<div class=\"vc_empty_space\"   style=\"height: 80px\"><span class=\"vc_empty_space_inner\"><\/span><\/div><\/div><\/div><\/div><div class=\"wpb_column vc_column_container vc_col-sm-3\"><div class=\"vc_column-inner\"><div class=\"wpb_wrapper\"><\/div><\/div><\/div><\/div><div class=\"mkdf-row-grid-section-wrapper\"  style=\"background-color:#00000000\"><div class=\"mkdf-row-grid-section\"><div class=\"vc_row wpb_row vc_row-fluid vc_custom_1745835254347 vc_row-o-content-middle vc_row-flex\" ><div class=\"wpb_column vc_column_container vc_col-sm-6\"><div class=\"vc_column-inner\"><div class=\"wpb_wrapper\">\n\t<div class=\"wpb_text_column wpb_content_element\" >\n\t\t<div class=\"wpb_wrapper\">\n\t\t\t<p style=\"text-align: left;\" draggable=\"false\" data-pm-slice=\"1 1 &#091;&#093;\" data-en-clipboard=\"true\">Aceast\u0103 metod\u0103 mi-a oferit instrumentele necesare pentru a face progrese semnificative \u00eentr-un timp mult mai scurt, permi\u021b\u00e2ndu-mi s\u0103 \u00eemi transform g\u00e2ndirea \u0219i s\u0103 \u00eemi \u00eembun\u0103t\u0103\u021besc via\u021ba \u00eentr-un mod vizibil. Aceast\u0103 combina\u021bie de rapiditate \u0219i inteligen\u021b\u0103 \u00een abordare m-a atras \u0219i m-a motivat s\u0103 continui s\u0103 explorez \u0219i s\u0103 aplic aceste tehnici, at\u00e2t pentru mine, c\u00e2t \u0219i pentru a-i ajuta pe al\u021bii \u00een propria lor c\u0103l\u0103torie a dezvoltarii personale.<\/p>\n<p style=\"text-align: left;\" draggable=\"false\" class=\"translation-block\">Pe acest drum al cunoa\u0219terii de sine, am descoperit \u00een 2017 <b>Bowen Therapie, The Original Bowen Technique<\/b>. Rezultatele promi\u021b\u0103toare despre care citeam, \u00eempreun\u0103 cu propria mea experien\u021b\u0103 ca \u0219i client, m-au motivat s\u0103 doresc s\u0103 st\u0103p\u00e2nesc aceast\u0103 tehnic\u0103. La \u00eenceput, inten\u021bia mea era s\u0103 o folosesc doar pentru a-mi sus\u021bine familia.<\/p>\n<p style=\"text-align: left;\" draggable=\"false\" class=\"translation-block\">\u00cens\u0103, dup\u0103 ce am descoperit \u0219i <b>Brain Remodeling<\/b>, am realizat c\u0103 pot aduce aceste dou\u0103 abord\u0103ri sub acela\u0219i acoperi\u0219 pentru a putea sus\u021bine c\u00e2t mai mul\u021bi oameni \u00een c\u0103l\u0103toria lor de dezvoltare personal\u0103 \u0219i vindecare.<\/p>\n\n\t\t<\/div>\n\t<\/div>\n<\/div><\/div><\/div><div class=\"wpb_column vc_column_container vc_col-sm-6\"><div class=\"vc_column-inner\"><div class=\"wpb_wrapper\">\n\t<div  class=\"wpb_single_image wpb_content_element vc_align_left wpb_content_element\">\n\t\t\n\t\t<figure class=\"wpb_wrapper vc_figure\">\n\t\t\t<div class=\"vc_single_image-wrapper   vc_box_border_grey\"><img loading=\"lazy\" decoding=\"async\" width=\"1000\" height=\"800\" src=\"https:\/\/ey-praxis.com\/wp-content\/uploads\/2025\/04\/brain_remodeling_despre_mine.jpg\" class=\"vc_single_image-img attachment-full\" alt=\"\" title=\"brain_remodeling_despre_mine\" srcset=\"https:\/\/ey-praxis.com\/wp-content\/uploads\/2025\/04\/brain_remodeling_despre_mine.jpg 1000w, https:\/\/ey-praxis.com\/wp-content\/uploads\/2025\/04\/brain_remodeling_despre_mine-300x240.jpg 300w, https:\/\/ey-praxis.com\/wp-content\/uploads\/2025\/04\/brain_remodeling_despre_mine-768x614.jpg 768w\" sizes=\"auto, (max-width: 1000px) 100vw, 1000px\" \/><\/div>\n\t\t<\/figure>\n\t<\/div>\n<\/div><\/div><\/div><\/div><\/div><\/div><div class=\"vc_row wpb_row vc_row-fluid vc_custom_1745835136797 mkdf-content-aligment-center\" style=\"background-color:#F5E8DF\"><div class=\"wpb_column vc_column_container vc_col-sm-3\"><div class=\"vc_column-inner\"><div class=\"wpb_wrapper\"><\/div><\/div><\/div><div class=\"wpb_column vc_column_container vc_col-sm-6\"><div class=\"vc_column-inner\"><div class=\"wpb_wrapper\">\n\t<div class=\"wpb_text_column wpb_content_element\" >\n\t\t<div class=\"wpb_wrapper\">\n\t\t\t<h3 style=\"text-align: center;\" draggable=\"false\" data-pm-slice=\"1 1 &#091;&#093;\" data-en-clipboard=\"true\">Aceast\u0103 sinergie \u00eentre tehnicile pe care le-am \u00eenv\u0103\u021bat \u00eemi permite s\u0103 ofer un sprijin mai cuprinz\u0103tor \u0219i eficient celor care se confrunt\u0103 cu diverse provoc\u0103ri.<\/h3>\n\n\t\t<\/div>\n\t<\/div>\n<div class=\"vc_empty_space\"   style=\"height: 32px\"><span class=\"vc_empty_space_inner\"><\/span><\/div><a itemprop=\"url\" href=\"https:\/\/ey-praxis.com\/ro\/kontakt\/#anchor_formular\/\" target=\"_blank\"  class=\"mkdf-btn mkdf-btn-medium mkdf-btn-solid\"  >\n    <span class=\"mkdf-btn-text\">Programeaz\u0103 o \u00eent\u00e2lnire<\/span>\n    \t<\/a><\/div><\/div><\/div><div class=\"wpb_column vc_column_container vc_col-sm-3\"><div class=\"vc_column-inner\"><div class=\"wpb_wrapper\"><\/div><\/div><\/div><\/div>\n<\/div>","protected":false},"excerpt":{"rendered":"Hallo! Ich bin Gabriela Schubert-Miron, Expertin f\u00fcr Brain Remodeling und Bowen-Therapie Schon als Teenager fand ich es faszinierend, das Verhalten der Menschen zu beobachten. Irgendwann habe ich mich gefragt, warum in derselben Situation jeder anders reagiert und weshalb die Wahrnehmungen [...]","protected":false},"author":3,"featured_media":3790,"parent":0,"menu_order":4,"comment_status":"closed","ping_status":"closed","template":"full-width.php","meta":{"footnotes":""},"class_list":["post-3127","page","type-page","status-publish","has-post-thumbnail","hentry"],"yoast_head":"<!-- This site is optimized with the Yoast SEO plugin v27.0 - https:\/\/yoast.com\/product\/yoast-seo-wordpress\/ -->\n<title>Gabriela Schubert-Miron | Expertin f\u00fcr Bowen Therapie &amp; Brain Remodeling<\/title>\n<meta name=\"description\" content=\"Mein Weg zur inneren Klarheit: Nach 20 Jahren in der Chirurgie begleite ich heute Menschen mit Bowen Therapie &amp; Brain Remodeling \u2013 f\u00fcr tiefgreifende Ver\u00e4nderung, emotionale Heilung und Selbstentfaltung.\" \/>\n<meta name=\"robots\" content=\"index, follow, max-snippet:-1, max-image-preview:large, max-video-preview:-1\" \/>\n<link rel=\"canonical\" href=\"https:\/\/ey-praxis.com\/ro\/uber-mich\/\" \/>\n<meta property=\"og:locale\" content=\"ro_RO\" \/>\n<meta property=\"og:type\" content=\"article\" \/>\n<meta property=\"og:title\" content=\"Gabriela Schubert-Miron | Expertin f\u00fcr Bowen Therapie &amp; Brain Remodeling\" \/>\n<meta property=\"og:description\" content=\"Mein Weg zur inneren Klarheit: Nach 20 Jahren in der Chirurgie begleite ich heute Menschen mit Bowen Therapie &amp; Brain Remodeling \u2013 f\u00fcr tiefgreifende Ver\u00e4nderung, emotionale Heilung und Selbstentfaltung.\" \/>\n<meta property=\"og:url\" content=\"https:\/\/ey-praxis.com\/ro\/uber-mich\/\" \/>\n<meta property=\"og:site_name\" content=\"EY-Praxis\" \/>\n<meta property=\"article:modified_time\" content=\"2026-02-05T11:23:46+00:00\" \/>\n<meta property=\"og:image\" content=\"https:\/\/ey-praxis.com\/wp-content\/uploads\/2025\/04\/terapie_bowen_despre_mine2.jpg\" \/>\n\t<meta property=\"og:image:width\" content=\"800\" \/>\n\t<meta property=\"og:image:height\" content=\"1000\" \/>\n\t<meta property=\"og:image:type\" content=\"image\/jpeg\" \/>\n<meta name=\"twitter:card\" content=\"summary_large_image\" \/>\n<meta name=\"twitter:label1\" content=\"Timp estimat pentru citire\" \/>\n\t<meta name=\"twitter:data1\" content=\"6 minute\" \/>\n<script type=\"application\/ld+json\" class=\"yoast-schema-graph\">{\"@context\":\"https:\/\/schema.org\",\"@graph\":[{\"@type\":\"WebPage\",\"@id\":\"https:\/\/ey-praxis.com\/uber-mich\/\",\"url\":\"https:\/\/ey-praxis.com\/uber-mich\/\",\"name\":\"Gabriela Schubert-Miron | Expertin f\u00fcr Bowen Therapie & Brain Remodeling\",\"isPartOf\":{\"@id\":\"https:\/\/ey-praxis.com\/de\/#website\"},\"primaryImageOfPage\":{\"@id\":\"https:\/\/ey-praxis.com\/uber-mich\/#primaryimage\"},\"image\":{\"@id\":\"https:\/\/ey-praxis.com\/uber-mich\/#primaryimage\"},\"thumbnailUrl\":\"https:\/\/ey-praxis.com\/wp-content\/uploads\/2025\/04\/terapie_bowen_despre_mine2.jpg\",\"datePublished\":\"2025-03-05T10:16:05+00:00\",\"dateModified\":\"2026-02-05T11:23:46+00:00\",\"description\":\"Mein Weg zur inneren Klarheit: Nach 20 Jahren in der Chirurgie begleite ich heute Menschen mit Bowen Therapie & Brain Remodeling \u2013 f\u00fcr tiefgreifende Ver\u00e4nderung, emotionale Heilung und Selbstentfaltung.\",\"breadcrumb\":{\"@id\":\"https:\/\/ey-praxis.com\/uber-mich\/#breadcrumb\"},\"inLanguage\":\"ro-RO\",\"potentialAction\":[{\"@type\":\"ReadAction\",\"target\":[\"https:\/\/ey-praxis.com\/uber-mich\/\"]}]},{\"@type\":\"ImageObject\",\"inLanguage\":\"ro-RO\",\"@id\":\"https:\/\/ey-praxis.com\/uber-mich\/#primaryimage\",\"url\":\"https:\/\/ey-praxis.com\/wp-content\/uploads\/2025\/04\/terapie_bowen_despre_mine2.jpg\",\"contentUrl\":\"https:\/\/ey-praxis.com\/wp-content\/uploads\/2025\/04\/terapie_bowen_despre_mine2.jpg\",\"width\":800,\"height\":1000},{\"@type\":\"BreadcrumbList\",\"@id\":\"https:\/\/ey-praxis.com\/uber-mich\/#breadcrumb\",\"itemListElement\":[{\"@type\":\"ListItem\",\"position\":1,\"name\":\"Prima pagin\u0103\",\"item\":\"https:\/\/ey-praxis.com\/\"},{\"@type\":\"ListItem\",\"position\":2,\"name\":\"\u00dcBER MICH\"}]},{\"@type\":\"WebSite\",\"@id\":\"https:\/\/ey-praxis.com\/de\/#website\",\"url\":\"https:\/\/ey-praxis.com\/de\/\",\"name\":\"EY-Praxis\",\"description\":\"\",\"potentialAction\":[{\"@type\":\"SearchAction\",\"target\":{\"@type\":\"EntryPoint\",\"urlTemplate\":\"https:\/\/ey-praxis.com\/de\/?s={search_term_string}\"},\"query-input\":{\"@type\":\"PropertyValueSpecification\",\"valueRequired\":true,\"valueName\":\"search_term_string\"}}],\"inLanguage\":\"ro-RO\"}]}<\/script>\n<!-- \/ Yoast SEO plugin. -->","yoast_head_json":{"title":"Gabriela Schubert-Miron | Expertin f\u00fcr Bowen Therapie & Brain Remodeling","description":"Mein Weg zur inneren Klarheit: Nach 20 Jahren in der Chirurgie begleite ich heute Menschen mit Bowen Therapie & Brain Remodeling \u2013 f\u00fcr tiefgreifende Ver\u00e4nderung, emotionale Heilung und Selbstentfaltung.","robots":{"index":"index","follow":"follow","max-snippet":"max-snippet:-1","max-image-preview":"max-image-preview:large","max-video-preview":"max-video-preview:-1"},"canonical":"https:\/\/ey-praxis.com\/ro\/uber-mich\/","og_locale":"ro_RO","og_type":"article","og_title":"Gabriela Schubert-Miron | Expertin f\u00fcr Bowen Therapie & Brain Remodeling","og_description":"Mein Weg zur inneren Klarheit: Nach 20 Jahren in der Chirurgie begleite ich heute Menschen mit Bowen Therapie & Brain Remodeling \u2013 f\u00fcr tiefgreifende Ver\u00e4nderung, emotionale Heilung und Selbstentfaltung.","og_url":"https:\/\/ey-praxis.com\/ro\/uber-mich\/","og_site_name":"EY-Praxis","article_modified_time":"2026-02-05T11:23:46+00:00","og_image":[{"width":800,"height":1000,"url":"https:\/\/ey-praxis.com\/wp-content\/uploads\/2025\/04\/terapie_bowen_despre_mine2.jpg","type":"image\/jpeg"}],"twitter_card":"summary_large_image","twitter_misc":{"Timp estimat pentru citire":"6 minute"},"schema":{"@context":"https:\/\/schema.org","@graph":[{"@type":"WebPage","@id":"https:\/\/ey-praxis.com\/uber-mich\/","url":"https:\/\/ey-praxis.com\/uber-mich\/","name":"Gabriela Schubert-Miron | Expertin f\u00fcr Bowen Therapie & Brain Remodeling","isPartOf":{"@id":"https:\/\/ey-praxis.com\/de\/#website"},"primaryImageOfPage":{"@id":"https:\/\/ey-praxis.com\/uber-mich\/#primaryimage"},"image":{"@id":"https:\/\/ey-praxis.com\/uber-mich\/#primaryimage"},"thumbnailUrl":"https:\/\/ey-praxis.com\/wp-content\/uploads\/2025\/04\/terapie_bowen_despre_mine2.jpg","datePublished":"2025-03-05T10:16:05+00:00","dateModified":"2026-02-05T11:23:46+00:00","description":"Mein Weg zur inneren Klarheit: Nach 20 Jahren in der Chirurgie begleite ich heute Menschen mit Bowen Therapie & Brain Remodeling \u2013 f\u00fcr tiefgreifende Ver\u00e4nderung, emotionale Heilung und Selbstentfaltung.","breadcrumb":{"@id":"https:\/\/ey-praxis.com\/uber-mich\/#breadcrumb"},"inLanguage":"ro-RO","potentialAction":[{"@type":"ReadAction","target":["https:\/\/ey-praxis.com\/uber-mich\/"]}]},{"@type":"ImageObject","inLanguage":"ro-RO","@id":"https:\/\/ey-praxis.com\/uber-mich\/#primaryimage","url":"https:\/\/ey-praxis.com\/wp-content\/uploads\/2025\/04\/terapie_bowen_despre_mine2.jpg","contentUrl":"https:\/\/ey-praxis.com\/wp-content\/uploads\/2025\/04\/terapie_bowen_despre_mine2.jpg","width":800,"height":1000},{"@type":"BreadcrumbList","@id":"https:\/\/ey-praxis.com\/uber-mich\/#breadcrumb","itemListElement":[{"@type":"ListItem","position":1,"name":"Prima pagin\u0103","item":"https:\/\/ey-praxis.com\/"},{"@type":"ListItem","position":2,"name":"\u00dcBER MICH"}]},{"@type":"WebSite","@id":"https:\/\/ey-praxis.com\/de\/#website","url":"https:\/\/ey-praxis.com\/de\/","name":"EY-Praxis","description":"","potentialAction":[{"@type":"SearchAction","target":{"@type":"EntryPoint","urlTemplate":"https:\/\/ey-praxis.com\/de\/?s={search_term_string}"},"query-input":{"@type":"PropertyValueSpecification","valueRequired":true,"valueName":"search_term_string"}}],"inLanguage":"ro-RO"}]}},"_links":{"self":[{"href":"https:\/\/ey-praxis.com\/ro\/wp-json\/wp\/v2\/pages\/3127","targetHints":{"allow":["GET"]}}],"collection":[{"href":"https:\/\/ey-praxis.com\/ro\/wp-json\/wp\/v2\/pages"}],"about":[{"href":"https:\/\/ey-praxis.com\/ro\/wp-json\/wp\/v2\/types\/page"}],"author":[{"embeddable":true,"href":"https:\/\/ey-praxis.com\/ro\/wp-json\/wp\/v2\/users\/3"}],"replies":[{"embeddable":true,"href":"https:\/\/ey-praxis.com\/ro\/wp-json\/wp\/v2\/comments?post=3127"}],"version-history":[{"count":166,"href":"https:\/\/ey-praxis.com\/ro\/wp-json\/wp\/v2\/pages\/3127\/revisions"}],"predecessor-version":[{"id":4497,"href":"https:\/\/ey-praxis.com\/ro\/wp-json\/wp\/v2\/pages\/3127\/revisions\/4497"}],"wp:featuredmedia":[{"embeddable":true,"href":"https:\/\/ey-praxis.com\/ro\/wp-json\/wp\/v2\/media\/3790"}],"wp:attachment":[{"href":"https:\/\/ey-praxis.com\/ro\/wp-json\/wp\/v2\/media?parent=3127"}],"curies":[{"name":"wp","href":"https:\/\/api.w.org\/{rel}","templated":true}]}}