{"id":3640,"date":"2025-04-04T17:06:56","date_gmt":"2025-04-04T17:06:56","guid":{"rendered":"https:\/\/ey-praxis.com\/?page_id=3640"},"modified":"2025-06-20T08:46:42","modified_gmt":"2025-06-20T08:46:42","slug":"allgemeine-geschaftsbedingungen","status":"publish","type":"page","link":"https:\/\/ey-praxis.com\/ro\/allgemeine-geschaftsbedingungen\/","title":{"rendered":"Termeni \u0219i Condi\u021bii"},"content":{"rendered":"<div draggable=\"false\" data-pm-slice=\"1 1 []\" data-en-clipboard=\"true\" class=\"translation-block\">Website-ul nostru este: ey-praxis.com numit in continuare Site-ul<\/div>\n<div draggable=\"false\" data-pm-slice=\"1 1 []\" data-en-clipboard=\"true\"><\/div>\n<div draggable=\"false\" data-pm-slice=\"1 1 []\" data-en-clipboard=\"true\">Prin utilizarea Site-ului sunte\u021bi implicit de acord cu Termenii \u0219i Condi\u021biile de Utilizare de mai jos.<\/div>\n<div draggable=\"false\" data-pm-slice=\"1 1 []\" data-en-clipboard=\"true\"><\/div>\n<div draggable=\"false\" data-pm-slice=\"1 1 []\" data-en-clipboard=\"true\">Pentru folosirea \u00een cele mai bune condi\u021bii a site-ului, se recomand\u0103 citirea cu aten\u021bie a Termenilor \u0219i Condi\u021biilor de Utilizare. \u00cen cazul \u00een care nu sunte\u021bi de acord cu Termenii \u0219i Condi\u021biile de Utilizare, v\u0103 recomand\u0103m s\u0103 nu folosi\u021bi Site-ul.<\/div>\n<div draggable=\"false\" data-pm-slice=\"1 1 []\" data-en-clipboard=\"true\"><\/div>\n<div draggable=\"false\" data-pm-slice=\"1 1 []\" data-en-clipboard=\"true\">Site-ul \u00ee\u0219i rezerv\u0103 dreptul de a modifica Termenii \u0219i Condi\u021biile de Utilizare oric\u00e2nd consider\u0103 necesar, f\u0103r\u0103 notificare prealabil\u0103. Versiunea \u00een vigoare a Termenilor \u0219i Condi\u021biilor de Utilizare este \u00een permanen\u021b\u0103 disponibil\u0103 pe site. Verfica\u021bi aceast\u0103 pagin\u0103 periodic, pentru a lua cunostin\u021b\u0103 de eventualele modific\u0103ri. Continuarea folosirii site-ului, dup\u0103 schimbarea Termenilor \u0219i Condi\u021biilor de Utilizare implic\u0103 acceptarea modific\u0103rilor efectuate \u0219i a noilor Termeni \u0219i Condi\u021bii de Utilizare.<\/div>\n<div draggable=\"false\" data-pm-slice=\"1 1 []\" data-en-clipboard=\"true\"><\/div>\n<h3 draggable=\"false\" data-pm-slice=\"1 1 []\" data-en-clipboard=\"true\">INFORMA\u021aII GENERALE<\/h3>\n<div draggable=\"false\" data-pm-slice=\"1 1 []\" data-en-clipboard=\"true\" class=\"translation-block\">Prin site \u00eentelegem colec\u021bia de informa\u021bii ob\u021binut\u0103 prin accesarea adresei de web https:\/\/ey-praxis.com\n<br>Toate pre\u021burile afi\u0219ate pe site sunt exprimate \u00een EURO.<\/div>\n<div draggable=\"false\" data-pm-slice=\"1 1 []\" data-en-clipboard=\"true\"><\/div>\n<h3 draggable=\"false\" data-pm-slice=\"1 1 []\" data-en-clipboard=\"true\">COLECTAREA DE INFORMA\u021aII PERSONALE<\/h3>\n<div draggable=\"false\" data-pm-slice=\"1 1 []\" data-en-clipboard=\"true\" class=\"translation-block\">Site-ul colecteaz\u0103 date cu caracter personal conform Politicii de Confiden\u021bialitate<\/div>\n<div draggable=\"false\" data-pm-slice=\"1 1 []\" data-en-clipboard=\"true\"><\/div>\n<h3 draggable=\"false\" data-pm-slice=\"1 1 []\" data-en-clipboard=\"true\">HYPERLINK-URI \u0218I ALTE SITE-URI<\/h3>\n<div draggable=\"false\" data-pm-slice=\"1 1 []\" data-en-clipboard=\"true\">Site-ul poate include \u00een site link-uri c\u0103tre alte site-uri, aflate sau nu \u00een proprietatea sa. Site-ul nu poate fi, \u00een nici o circumstan\u021b\u0103, responsabil pentru con\u021binutul acestor site-uri.<\/div>\n<div draggable=\"false\" data-pm-slice=\"1 1 []\" data-en-clipboard=\"true\"><\/div>\n<h3 draggable=\"false\" data-pm-slice=\"1 1 []\" data-en-clipboard=\"true\">UTILIZAREA SITE-ULUI DE CATRE PERSOANE SUB 18 ANI<\/h3>\n<div draggable=\"false\" data-pm-slice=\"1 1 []\" data-en-clipboard=\"true\">Site-ul este destinat si persoanelor sub 18 ani.<\/div>\n<div draggable=\"false\" data-pm-slice=\"1 1 []\" data-en-clipboard=\"true\"><\/div>\n<h3 draggable=\"false\" data-pm-slice=\"1 1 []\" data-en-clipboard=\"true\">PROMO\u021aII \u0218I CONCURSURI<\/h3>\n<div draggable=\"false\" data-pm-slice=\"1 1 []\" data-en-clipboard=\"true\">Site-ul stabile\u0219te regulamentele promo\u021biilor \u0219i ale concursurilor pe care le organizeaz\u0103. Aceste regulamente sunt aduse la cunostin\u021b\u0103 eventualilor participan\u021bi prin intermediul site-ului propriu sau alte mijloace de comunicare public\u0103 sau privat\u0103.<\/div>\n<div draggable=\"false\" data-pm-slice=\"1 1 []\" data-en-clipboard=\"true\"><\/div>\n<h3 draggable=\"false\" data-pm-slice=\"1 1 []\" data-en-clipboard=\"true\">DATE PERSONALE<\/h3>\n<div draggable=\"false\" data-pm-slice=\"1 1 []\" data-en-clipboard=\"true\">Pe site-ul Site-ul, utilizatorul este responsabil pentru toate activit\u0103\u021bile care survin prin accesarea contului \u0219i parolei personale. Site-ul nu poate fi f\u0103cut responsabil pentru erorile survenite \u00een urma neglijen\u021bei utilizatorului privind securitatea \u0219i confiden\u021bialitatea contului \u0219i parolei sale. Datele personale ale utilizatorului vor putea fi folosite de c\u0103tre Site-ul \u0219i furnizorii s\u0103i numai \u00een scopul declarat al acestui site. Informa\u021biile din contul de \u00eenregistrare, precum \u0219i datele din formularul de comand\u0103 vor fi folosite pentru a trimite utilizatorului confirmarea comenzilor, inform\u0103ri despre eventualele promo\u021bii etc. Datele personale vor putea fi \u00eens\u0103 transmise autorit\u0103\u021bilor \u00een drept s\u0103 verifice tranzac\u021biile comerciale sau altor autorit\u0103\u021bi \u00een drept s\u0103 efectueze orice verific\u0103ri justificate \u00een baza legii, dac\u0103 acest lucru va fi solicitat \u00een conformitate cu legile \u00een vigoare.<\/div>\n<div draggable=\"false\" data-pm-slice=\"1 1 []\" data-en-clipboard=\"true\"><\/div>\n<h3 draggable=\"false\" data-pm-slice=\"1 1 []\" data-en-clipboard=\"true\">POLITICA DE PRE\u021aURI<\/h3>\n<div draggable=\"false\" data-pm-slice=\"1 1 []\" data-en-clipboard=\"true\">Pre\u021burile produselor sunt cele afi\u0219ate pentru fiecare produs \u00een parte.\n<br>Site-ul v\u0103 putea desfa\u0219ura orice campanie promo\u021bional\u0103 referitor la produsele afi\u0219ate pe site, promo\u021bii ale c\u0103ror condi\u021bii vor fi stabilite \u00een \u00eentregime de c\u0103tre Site-ul<\/div>\n<div draggable=\"false\" data-pm-slice=\"1 1 []\" data-en-clipboard=\"true\"><\/div>\n<h3 draggable=\"false\" data-pm-slice=\"1 1 []\" data-en-clipboard=\"true\">LITIGII<\/h3>\n<div draggable=\"false\" data-pm-slice=\"1 1 []\" data-en-clipboard=\"true\">Jeder Versuch eines unautorisierten Zugriffs auf die Website oder eines Betrugsversuchs wird unverz\u00fcglich den zust\u00e4ndigen Beh\u00f6rden gemeldet. Streitigkeiten werden einvernehmlich beigelegt. Wenn dies nicht gelingt, erfolgt die L\u00f6sung durch Schiedsgerichtsbarkeit der Internationalen Handelskammer Deutsch. Das Schiedsurteil ist endg\u00fcltig und bindend. H\u00f6here Gewalt befreit die Parteien \u2013 au\u00dfer von Zahlungsverpflichtungen \u2013 w\u00e4hrend deren Dauer.<\/div>\n<div draggable=\"false\" data-pm-slice=\"1 1 []\" data-en-clipboard=\"true\"><\/div>\n<h3 draggable=\"false\" data-pm-slice=\"1 1 []\" data-en-clipboard=\"true\">DREPTURI DE AUTOR (COPYRIGHT)<\/h3>\n<div draggable=\"false\" data-pm-slice=\"1 1 []\" data-en-clipboard=\"true\">\u00centregul con\u021binut al site-ului Site-ul \u2013 imagini, texte, grafice, simboluri, elemente de grafic\u0103 WEB, scripturi, programe \u0219i alte date \u2013 este proprietatea Site-ul \u0219i a furnizorilor s\u0103i \u0219i este ap\u0103rat de Legea drepturilor de autor \u0219i de legile privind proprietatea intelectual\u0103 \u0219i industrial\u0103. Folosirea f\u0103r\u0103 acordul Site-ul a oric\u0103ror elemente enumerate mai sus se pedepse\u0219te conform legilor \u00een vigoare.<\/div>\n<div draggable=\"false\" data-pm-slice=\"1 1 []\" data-en-clipboard=\"true\"><\/div>\n<h3 draggable=\"false\" data-pm-slice=\"1 1 []\" data-en-clipboard=\"true\">COMENTARII, COMUNIC\u0102RI \u0218I ALTE DATE\/INFORMA\u021aII<\/h3>\n<div draggable=\"false\" data-pm-slice=\"1 1 []\" data-en-clipboard=\"true\">Persoanele care acceseaz\u0103\/viziteaz\u0103 site-ul pot face comentarii \u0219i orice alte comunic\u0103ri; pot s\u0103 trimita e-mailuri, s\u0103 transmit\u0103 sugestii, idei, \u00eentrebari sau alte informa\u021bii, at\u00e2ta timp c\u00e2t con\u021binutul acestora nu este ilegal, obscen, amenin\u021b\u0103tor, def\u0103im\u0103tor, nu tulbur\u0103 \u00een nici un fel via\u021ba privat\u0103 a altor persoane, nu \u00eencalc\u0103 drepturile de proprietate intelectual\u0103, nu con\u021bine viru\u0219i, texte viz\u00e2nd diverse campanii de promovare, scrisori \u00een lan\u021b, email-uri \u00een masa sau orice alt\u0103 form\u0103 de spam.<\/div>\n<div draggable=\"false\"><\/div>\n<div draggable=\"false\">Persoanele care vor utiliza o adres\u0103 fals\u0103 de e-mail sau vor transmite mesaje electronice sau orice alte comunic\u0103ri \u00een numele unei alte persoane fizice sau juridice sau \u00een numele oric\u0103rei alte entit\u0103\u021bi vor fi sanc\u021bionate \u00een conformitate cu legile \u00een vigoare. Site-ul are dreptul (dar nu \u0219i obliga\u021bia) de a \u0219terge orice astfel de con\u021binuturi identificate pe site. Site-ul nu va purta responsabilitatea \u0219i nici nu va putea fi obligat\u0103 la nici un fel de desp\u0103gubiri pentru orice fel de daune produse de asemenea comunic\u0103ri.<\/div>\n<div draggable=\"false\"><\/div>\n<div draggable=\"false\">\u00cen cazul trimiterii sau afi\u0219\u0103rii unor materiale\/documente, se consider\u0103 c\u0103 utilizatorul confera Site-ul \u0219i afilia\u021bilor\/asocia\u021bilor acestuia dreptul neexclusiv, nelimitat, gratuit, irevocabil \u0219i retransmisibil de a folosi, reproduce, modifica, adapta, publica, traduce, crea opere derivate, precum \u0219i dreptul de a distribui, de a prezenta aceste con\u021binuturi oriunde \u00een lume, prin orice mijloc. Se garanteaz\u0103, de asemenea, Site-ul \u0219i afilia\u021bilor\/asociatilor s\u0103i sau celor c\u0103rora le retransmite dreptul de licen\u021b\u0103 dreptul de a utiliza numele pe care \u00eel asocia\u021bi cu un astfel de con\u021binut. Utilizatorul garanteaz\u0103 c\u0103 are toate drepturile asupra con\u021binutului pe care \u00eel afi\u0219eaz\u0103 sau transmite pe site, prin orice modalitate, astfel \u00eenc\u00e2t prin folosirea acestui con\u021binut s\u0103 nu cauzeze prejudicii nici unei persoane. Site-ul nu isi asuma nicio responsabilitate pentru continutul mesajelor\/comunicarilor afisate\/transmise de un utilizator prin intermediul site-ului Site-ul<\/div>\n<div draggable=\"false\"><\/div>\n<h3 draggable=\"false\">DECLINAREA RESPONSABILITATII<\/h3>\n<div draggable=\"false\">Continutul site-ului (texte, descrieri ale produselor, caracteristici tehnice, imagini, simboluri) sunt proprietate a Site-ul si a partenerilor sai si a fost alcatuit in stransa colaborare cu furnizorii produselor prezentate.<\/div>\n<div draggable=\"false\"><\/div>\n<h3 draggable=\"false\">DISPOZI\u021aII FINALE<\/h3>\n<div draggable=\"false\">Dac\u0103 oricare dintre clauzele de mai sus va fi gasit\u0103 nul\u0103 sau nevalid\u0103, indiferent de cauz\u0103, aceasta clauz\u0103 nu va afecta valabilitatea celorlalte clauze. Odat\u0103 cu cumpararea \u0219i lansarea comenzii, clientul accept\u0103 f\u0103r\u0103 obiec\u021biuni condi\u021biile \u0219i termenii de utilizare, valoarea acestora fiind acea\u0219i cu un contract valabil \u00eencheiat.<\/div>","protected":false},"excerpt":{"rendered":"<p>Unsere Website lautet: ey-praxis.com, nachfolgend als \u201eWebsite\u201c bezeichnet. Durch die Nutzung der Website stimmen Sie automatisch den nachstehenden Nutzungsbedingungen zu. F\u00fcr die bestm\u00f6gliche Nutzung der Website empfehlen wir Ihnen, die Nutzungsbedingungen sorgf\u00e4ltig zu lesen. Wenn Sie mit diesen nicht einverstanden [&hellip;]<\/p>\n","protected":false},"author":2,"featured_media":0,"parent":0,"menu_order":6,"comment_status":"closed","ping_status":"closed","template":"","meta":{"footnotes":""},"class_list":["post-3640","page","type-page","status-publish","hentry"],"yoast_head":"<!-- This site is optimized with the Yoast SEO plugin v27.0 - https:\/\/yoast.com\/product\/yoast-seo-wordpress\/ -->\n<title>Allgemeine Gesch\u00e4ftsbedingungen - EY-Praxis<\/title>\n<meta name=\"robots\" content=\"index, follow, max-snippet:-1, max-image-preview:large, max-video-preview:-1\" \/>\n<link rel=\"canonical\" href=\"https:\/\/ey-praxis.com\/ro\/allgemeine-geschaftsbedingungen\/\" \/>\n<meta property=\"og:locale\" content=\"ro_RO\" \/>\n<meta property=\"og:type\" content=\"article\" \/>\n<meta property=\"og:title\" content=\"Allgemeine Gesch\u00e4ftsbedingungen - EY-Praxis\" \/>\n<meta property=\"og:description\" content=\"Unsere Website lautet: ey-praxis.com, nachfolgend als \u201eWebsite\u201c bezeichnet. Durch die Nutzung der Website stimmen Sie automatisch den nachstehenden Nutzungsbedingungen zu. F\u00fcr die bestm\u00f6gliche Nutzung der Website empfehlen wir Ihnen, die Nutzungsbedingungen sorgf\u00e4ltig zu lesen. Wenn Sie mit diesen nicht einverstanden [&hellip;]\" \/>\n<meta property=\"og:url\" content=\"https:\/\/ey-praxis.com\/ro\/allgemeine-geschaftsbedingungen\/\" \/>\n<meta property=\"og:site_name\" content=\"EY-Praxis\" \/>\n<meta property=\"article:modified_time\" content=\"2025-06-20T08:46:42+00:00\" \/>\n<meta name=\"twitter:card\" content=\"summary_large_image\" \/>\n<meta name=\"twitter:label1\" content=\"Timp estimat pentru citire\" \/>\n\t<meta name=\"twitter:data1\" content=\"4 minute\" \/>\n<script type=\"application\/ld+json\" class=\"yoast-schema-graph\">{\"@context\":\"https:\/\/schema.org\",\"@graph\":[{\"@type\":\"WebPage\",\"@id\":\"https:\/\/ey-praxis.com\/allgemeine-geschaftsbedingungen\/\",\"url\":\"https:\/\/ey-praxis.com\/allgemeine-geschaftsbedingungen\/\",\"name\":\"Allgemeine Gesch\u00e4ftsbedingungen - EY-Praxis\",\"isPartOf\":{\"@id\":\"https:\/\/ey-praxis.com\/de\/#website\"},\"datePublished\":\"2025-04-04T17:06:56+00:00\",\"dateModified\":\"2025-06-20T08:46:42+00:00\",\"breadcrumb\":{\"@id\":\"https:\/\/ey-praxis.com\/allgemeine-geschaftsbedingungen\/#breadcrumb\"},\"inLanguage\":\"ro-RO\",\"potentialAction\":[{\"@type\":\"ReadAction\",\"target\":[\"https:\/\/ey-praxis.com\/allgemeine-geschaftsbedingungen\/\"]}]},{\"@type\":\"BreadcrumbList\",\"@id\":\"https:\/\/ey-praxis.com\/allgemeine-geschaftsbedingungen\/#breadcrumb\",\"itemListElement\":[{\"@type\":\"ListItem\",\"position\":1,\"name\":\"Prima pagin\u0103\",\"item\":\"https:\/\/ey-praxis.com\/\"},{\"@type\":\"ListItem\",\"position\":2,\"name\":\"Allgemeine Gesch\u00e4ftsbedingungen\"}]},{\"@type\":\"WebSite\",\"@id\":\"https:\/\/ey-praxis.com\/de\/#website\",\"url\":\"https:\/\/ey-praxis.com\/de\/\",\"name\":\"EY-Praxis\",\"description\":\"\",\"potentialAction\":[{\"@type\":\"SearchAction\",\"target\":{\"@type\":\"EntryPoint\",\"urlTemplate\":\"https:\/\/ey-praxis.com\/de\/?s={search_term_string}\"},\"query-input\":{\"@type\":\"PropertyValueSpecification\",\"valueRequired\":true,\"valueName\":\"search_term_string\"}}],\"inLanguage\":\"ro-RO\"}]}<\/script>\n<!-- \/ Yoast SEO plugin. -->","yoast_head_json":{"title":"Allgemeine Gesch\u00e4ftsbedingungen - EY-Praxis","robots":{"index":"index","follow":"follow","max-snippet":"max-snippet:-1","max-image-preview":"max-image-preview:large","max-video-preview":"max-video-preview:-1"},"canonical":"https:\/\/ey-praxis.com\/ro\/allgemeine-geschaftsbedingungen\/","og_locale":"ro_RO","og_type":"article","og_title":"Allgemeine Gesch\u00e4ftsbedingungen - EY-Praxis","og_description":"Unsere Website lautet: ey-praxis.com, nachfolgend als \u201eWebsite\u201c bezeichnet. Durch die Nutzung der Website stimmen Sie automatisch den nachstehenden Nutzungsbedingungen zu. F\u00fcr die bestm\u00f6gliche Nutzung der Website empfehlen wir Ihnen, die Nutzungsbedingungen sorgf\u00e4ltig zu lesen. Wenn Sie mit diesen nicht einverstanden [&hellip;]","og_url":"https:\/\/ey-praxis.com\/ro\/allgemeine-geschaftsbedingungen\/","og_site_name":"EY-Praxis","article_modified_time":"2025-06-20T08:46:42+00:00","twitter_card":"summary_large_image","twitter_misc":{"Timp estimat pentru citire":"4 minute"},"schema":{"@context":"https:\/\/schema.org","@graph":[{"@type":"WebPage","@id":"https:\/\/ey-praxis.com\/allgemeine-geschaftsbedingungen\/","url":"https:\/\/ey-praxis.com\/allgemeine-geschaftsbedingungen\/","name":"Allgemeine Gesch\u00e4ftsbedingungen - EY-Praxis","isPartOf":{"@id":"https:\/\/ey-praxis.com\/de\/#website"},"datePublished":"2025-04-04T17:06:56+00:00","dateModified":"2025-06-20T08:46:42+00:00","breadcrumb":{"@id":"https:\/\/ey-praxis.com\/allgemeine-geschaftsbedingungen\/#breadcrumb"},"inLanguage":"ro-RO","potentialAction":[{"@type":"ReadAction","target":["https:\/\/ey-praxis.com\/allgemeine-geschaftsbedingungen\/"]}]},{"@type":"BreadcrumbList","@id":"https:\/\/ey-praxis.com\/allgemeine-geschaftsbedingungen\/#breadcrumb","itemListElement":[{"@type":"ListItem","position":1,"name":"Prima pagin\u0103","item":"https:\/\/ey-praxis.com\/"},{"@type":"ListItem","position":2,"name":"Allgemeine Gesch\u00e4ftsbedingungen"}]},{"@type":"WebSite","@id":"https:\/\/ey-praxis.com\/de\/#website","url":"https:\/\/ey-praxis.com\/de\/","name":"EY-Praxis","description":"","potentialAction":[{"@type":"SearchAction","target":{"@type":"EntryPoint","urlTemplate":"https:\/\/ey-praxis.com\/de\/?s={search_term_string}"},"query-input":{"@type":"PropertyValueSpecification","valueRequired":true,"valueName":"search_term_string"}}],"inLanguage":"ro-RO"}]}},"_links":{"self":[{"href":"https:\/\/ey-praxis.com\/ro\/wp-json\/wp\/v2\/pages\/3640","targetHints":{"allow":["GET"]}}],"collection":[{"href":"https:\/\/ey-praxis.com\/ro\/wp-json\/wp\/v2\/pages"}],"about":[{"href":"https:\/\/ey-praxis.com\/ro\/wp-json\/wp\/v2\/types\/page"}],"author":[{"embeddable":true,"href":"https:\/\/ey-praxis.com\/ro\/wp-json\/wp\/v2\/users\/2"}],"replies":[{"embeddable":true,"href":"https:\/\/ey-praxis.com\/ro\/wp-json\/wp\/v2\/comments?post=3640"}],"version-history":[{"count":8,"href":"https:\/\/ey-praxis.com\/ro\/wp-json\/wp\/v2\/pages\/3640\/revisions"}],"predecessor-version":[{"id":4423,"href":"https:\/\/ey-praxis.com\/ro\/wp-json\/wp\/v2\/pages\/3640\/revisions\/4423"}],"wp:attachment":[{"href":"https:\/\/ey-praxis.com\/ro\/wp-json\/wp\/v2\/media?parent=3640"}],"curies":[{"name":"wp","href":"https:\/\/api.w.org\/{rel}","templated":true}]}}