{"id":561,"date":"2017-09-19T14:28:16","date_gmt":"2017-09-19T14:28:16","guid":{"rendered":"http:\/\/aviana.mikado-themes.com\/?page_id=561"},"modified":"2026-02-05T08:01:52","modified_gmt":"2026-02-05T08:01:52","slug":"kontakt","status":"publish","type":"page","link":"https:\/\/ey-praxis.com\/ro\/kontakt\/","title":{"rendered":"CONTACT"},"content":{"rendered":"<div class=\"wpb-content-wrapper\"><div class=\"mkdf-row-grid-section-wrapper\"  style=\"background-color:#FFFBF9\"><div class=\"mkdf-row-grid-section\"><div id=\"anchor_formular\" class=\"vc_row wpb_row vc_row-fluid vc_custom_1770278287167\" ><div class=\"wpb_column vc_column_container vc_col-sm-2\"><div class=\"vc_column-inner\"><div class=\"wpb_wrapper\"><\/div><\/div><\/div><div class=\"wpb_column vc_column_container vc_col-sm-8\"><div class=\"vc_column-inner\"><div class=\"wpb_wrapper\">\n\t<div class=\"wpb_text_column wpb_content_element\" >\n\t\t<div class=\"wpb_wrapper\">\n\t\t\t<h3 draggable=\"false\" data-pm-slice=\"1 1 &#091;&#093;\" data-en-clipboard=\"true\" class=\"translation-block\">Programeaz\u0103 aici \u0219edin\u021ba de <b>Terapie Bowen<\/b> sau <b>Brain Remodeling<\/b><\/h3>\n\n\t\t<\/div>\n\t<\/div>\n<div class=\"vc_empty_space\"   style=\"height: 32px\"><span class=\"vc_empty_space_inner\"><\/span><\/div><div class=\"mkdf-elements-holder   mkdf-one-column  mkdf-responsive-mode-768\" ><div class=\"mkdf-eh-item  mkdf-vertical-alignment-top\"  data-item-class=\"mkdf-eh-custom-8481\" data-1280-1600=\"72px 16% 0px\" data-1024-1280=\"72px 12% 0px\" data-768-1024=\"72px 5% 0px\" data-680-768=\"72px 0 0\" data-680=\"72px 0 0\">\n\t\t<div class=\"mkdf-eh-item-inner\">\n\t\t<div class=\"mkdf-eh-item-content mkdf-eh-custom-8481\" >\n\t\t\t\n<div class=\"wpcf7 no-js\" id=\"wpcf7-f6-o1\" lang=\"ro-RO\" dir=\"ltr\" data-wpcf7-id=\"6\">\n<div class=\"screen-reader-response\"><p role=\"status\" aria-live=\"polite\" aria-atomic=\"true\"><\/p> <ul><\/ul><\/div>\n<form action=\"\/ro\/wp-json\/wp\/v2\/pages\/561#wpcf7-f6-o1\" method=\"post\" class=\"wpcf7-form init\" aria-label=\"Formular de contact\" novalidate=\"novalidate\" data-status=\"init\" data-trp-original-action=\"\/ro\/wp-json\/wp\/v2\/pages\/561#wpcf7-f6-o1\">\n<fieldset class=\"hidden-fields-container\"><input type=\"hidden\" name=\"_wpcf7\" value=\"6\" \/><input type=\"hidden\" name=\"_wpcf7_version\" value=\"6.1.5\" \/><input type=\"hidden\" name=\"_wpcf7_locale\" value=\"ro_RO\" \/><input type=\"hidden\" name=\"_wpcf7_unit_tag\" value=\"wpcf7-f6-o1\" \/><input type=\"hidden\" name=\"_wpcf7_container_post\" value=\"0\" \/><input type=\"hidden\" name=\"_wpcf7_posted_data_hash\" value=\"\" \/>\n<\/fieldset>\n<p><label> Prenume, Nume<br \/>\n<span class=\"wpcf7-form-control-wrap\" data-name=\"your-name\"><input size=\"40\" maxlength=\"400\" class=\"wpcf7-form-control wpcf7-text wpcf7-validates-as-required\" autocomplete=\"name\" aria-required=\"true\" aria-invalid=\"false\" value=\"\" type=\"text\" name=\"your-name\" \/><\/span> <\/label>\n<\/p>\n<p><label> Mail<br \/>\n<span class=\"wpcf7-form-control-wrap\" data-name=\"your-email\"><input size=\"40\" maxlength=\"400\" class=\"wpcf7-form-control wpcf7-email wpcf7-validates-as-required wpcf7-text wpcf7-validates-as-email\" autocomplete=\"email\" aria-required=\"true\" aria-invalid=\"false\" value=\"\" type=\"email\" name=\"your-email\" \/><\/span> <\/label>\n<\/p>\n<p><label> Telefon<br \/>\n<span class=\"wpcf7-form-control-wrap\" data-name=\"your-tel\"><input size=\"40\" maxlength=\"400\" class=\"wpcf7-form-control wpcf7-tel wpcf7-validates-as-required wpcf7-text wpcf7-validates-as-tel\" aria-required=\"true\" aria-invalid=\"false\" value=\"\" type=\"tel\" name=\"your-tel\" \/><\/span> <\/label>\n<\/p>\n<p>Selecteaz\u0103 terapia dorit\u0103<br \/>\n<span class=\"wpcf7-form-control-wrap\" data-name=\"checkbox\"><span class=\"wpcf7-form-control wpcf7-checkbox wpcf7-validates-as-required\"><span class=\"wpcf7-list-item first\"><label><input type=\"checkbox\" name=\"checkbox[]\" value=\"Bowen Therapie\" \/><span class=\"wpcf7-list-item-label\">Terapie Bowen<\/span><\/label><\/span><span class=\"wpcf7-list-item last\"><label><input type=\"checkbox\" name=\"checkbox[]\" value=\"Brain Remodeling\" \/><span class=\"wpcf7-list-item-label\">Brain Remodeling<\/span><\/label><\/span><\/span><\/span>\n<\/p>\n<p><input class=\"wpcf7-form-control wpcf7-submit has-spinner\" type=\"submit\" value=\"Trimite\" \/>\n<\/p><div class=\"wpcf7-response-output\" aria-hidden=\"true\"><\/div>\n<input type=\"hidden\" name=\"trp-form-language\" value=\"ro\"\/><\/form>\n<\/div>\n\t\t<\/div>\n\t<\/div>\n<\/div><\/div><div class=\"vc_empty_space\"   style=\"height: 32px\"><span class=\"vc_empty_space_inner\"><\/span><\/div><\/div><\/div><\/div><div class=\"wpb_column vc_column_container vc_col-sm-2\"><div class=\"vc_column-inner\"><div class=\"wpb_wrapper\"><\/div><\/div><\/div><\/div><\/div><\/div><div class=\"mkdf-row-grid-section-wrapper mkdf-parallax-row-holder mkdf-content-aligment-left\" data-parallax-bg-image= \"data-parallax-bg-speed=1\" ><div class=\"mkdf-row-grid-section\"><div class=\"vc_row wpb_row vc_row-fluid vc_custom_1750840375859 vc_row-o-content-top vc_row-flex\" ><div class=\"wpb_column vc_column_container vc_col-sm-6\"><div class=\"vc_column-inner\"><div class=\"wpb_wrapper\">\n\t<div class=\"wpb_raw_code wpb_raw_html wpb_content_element\" >\n\t\t<div class=\"wpb_wrapper\">\n\t\t\t<iframe src=\"https:\/\/www.google.com\/maps\/embed?pb=!1m18!1m12!1m3!1d2636.411970076137!2d9.4534594!3d48.640233599999995!2m3!1f0!2f0!3f0!3m2!1i1024!2i768!4f13.1!3m3!1m2!1s0x4799960edeb66bcb%3A0x856089c001e36011!2sDettinger%20Str.%2092%2C%2073230%20Kirchheim%20unter%20Teck%2C%20Deutschland!5e0!3m2!1sde!2sro!4v1750328006113!5m2!1sde!2sro\" width=\"600\" height=\"450\" style=\"border:0;\" allowfullscreen=\"\" loading=\"lazy\" referrerpolicy=\"no-referrer-when-downgrade\"><\/iframe>\n\t\t<\/div>\n\t<\/div>\n<\/div><\/div><\/div><div class=\"wpb_column vc_column_container vc_col-sm-6\"><div class=\"vc_column-inner\"><div class=\"wpb_wrapper\">\n\t<div class=\"wpb_text_column wpb_content_element\" >\n\t\t<div class=\"wpb_wrapper\">\n\t\t\t<h3>Adres\u0103 cabinet<\/h3>\n<p>Dettinger Strasse 92, 73230, Kirchheim unter Teck<\/p>\n<h3>Program<\/h3>\n<p>Luni 8-12<br \/>\nMarti 8-15<br \/>\nMiercuri 8-12<br \/>\nJoi 8-15<br \/>\nVineri 8-12<br \/>\n\u0218i pe baz\u0103 de programare.<\/p>\n<h3>WhatsApp<\/h3>\n<p><a href=\"tel:\/\/+4915121058494\"><span class=\"mkdf-icon-text\">+49 151 21058494\u00a0<\/span><\/a><\/p>\n\n\t\t<\/div>\n\t<\/div>\n<\/div><\/div><\/div><\/div><\/div><\/div>\n<\/div>","protected":false},"excerpt":{"rendered":"Vereinbare hier Deinen Termin f\u00fcr eine Bowen-Therapie oder Brain Remodeling Vorname, Nachname E-Mail Handynummer W\u00e4hle die gew\u00fcnschte Therapie Bowen TherapieBrain Remodeling Praxis Dettinger Strasse 92, 73230, Kirchheim unter Teck \u00d6ffnungszeiten Montag 8-12 Dienstag 8-15 Mittwoch 8-12 Donnerstag 8-15 Freitag 8-12 [...]","protected":false},"author":2,"featured_media":3999,"parent":0,"menu_order":5,"comment_status":"closed","ping_status":"closed","template":"full-width.php","meta":{"footnotes":""},"class_list":["post-561","page","type-page","status-publish","has-post-thumbnail","hentry"],"yoast_head":"<!-- This site is optimized with the Yoast SEO plugin v27.0 - https:\/\/yoast.com\/product\/yoast-seo-wordpress\/ -->\n<title>Kontakt Praxis f\u00fcr Bowen Therapie &amp; Brain Remodeling in Kirchheim<\/title>\n<meta name=\"description\" content=\"Vereinbare deinen Termin in meiner Praxis in Kirchheim unter Teck. Ich begleite Dich mit Bowen Therapie oder Brain Remodeling auf deinem Weg zu mehr Balance, Klarheit und Wohlbefinden.\" \/>\n<meta name=\"robots\" content=\"index, follow, max-snippet:-1, max-image-preview:large, max-video-preview:-1\" \/>\n<link rel=\"canonical\" href=\"https:\/\/ey-praxis.com\/ro\/kontakt\/\" \/>\n<meta property=\"og:locale\" content=\"ro_RO\" \/>\n<meta property=\"og:type\" content=\"article\" \/>\n<meta property=\"og:title\" content=\"Kontakt Praxis f\u00fcr Bowen Therapie &amp; Brain Remodeling in Kirchheim\" \/>\n<meta property=\"og:description\" content=\"Vereinbare deinen Termin in meiner Praxis in Kirchheim unter Teck. Ich begleite Dich mit Bowen Therapie oder Brain Remodeling auf deinem Weg zu mehr Balance, Klarheit und Wohlbefinden.\" \/>\n<meta property=\"og:url\" content=\"https:\/\/ey-praxis.com\/ro\/kontakt\/\" \/>\n<meta property=\"og:site_name\" content=\"EY-Praxis\" \/>\n<meta property=\"article:modified_time\" content=\"2026-02-05T08:01:52+00:00\" \/>\n<meta property=\"og:image\" content=\"https:\/\/ey-praxis.com\/wp-content\/uploads\/2025\/05\/terapie_bowen_servicii.jpg\" \/>\n\t<meta property=\"og:image:width\" content=\"2000\" \/>\n\t<meta property=\"og:image:height\" content=\"933\" \/>\n\t<meta property=\"og:image:type\" content=\"image\/jpeg\" \/>\n<meta name=\"twitter:card\" content=\"summary_large_image\" \/>\n<meta name=\"twitter:label1\" content=\"Timp estimat pentru citire\" \/>\n\t<meta name=\"twitter:data1\" content=\"1 minut\" \/>\n<script type=\"application\/ld+json\" class=\"yoast-schema-graph\">{\"@context\":\"https:\/\/schema.org\",\"@graph\":[{\"@type\":\"WebPage\",\"@id\":\"https:\/\/ey-praxis.com\/kontakt\/\",\"url\":\"https:\/\/ey-praxis.com\/kontakt\/\",\"name\":\"Kontakt Praxis f\u00fcr Bowen Therapie & Brain Remodeling in Kirchheim\",\"isPartOf\":{\"@id\":\"https:\/\/ey-praxis.com\/de\/#website\"},\"primaryImageOfPage\":{\"@id\":\"https:\/\/ey-praxis.com\/kontakt\/#primaryimage\"},\"image\":{\"@id\":\"https:\/\/ey-praxis.com\/kontakt\/#primaryimage\"},\"thumbnailUrl\":\"https:\/\/ey-praxis.com\/wp-content\/uploads\/2025\/05\/terapie_bowen_servicii.jpg\",\"datePublished\":\"2017-09-19T14:28:16+00:00\",\"dateModified\":\"2026-02-05T08:01:52+00:00\",\"description\":\"Vereinbare deinen Termin in meiner Praxis in Kirchheim unter Teck. Ich begleite Dich mit Bowen Therapie oder Brain Remodeling auf deinem Weg zu mehr Balance, Klarheit und Wohlbefinden.\",\"breadcrumb\":{\"@id\":\"https:\/\/ey-praxis.com\/kontakt\/#breadcrumb\"},\"inLanguage\":\"ro-RO\",\"potentialAction\":[{\"@type\":\"ReadAction\",\"target\":[\"https:\/\/ey-praxis.com\/kontakt\/\"]}]},{\"@type\":\"ImageObject\",\"inLanguage\":\"ro-RO\",\"@id\":\"https:\/\/ey-praxis.com\/kontakt\/#primaryimage\",\"url\":\"https:\/\/ey-praxis.com\/wp-content\/uploads\/2025\/05\/terapie_bowen_servicii.jpg\",\"contentUrl\":\"https:\/\/ey-praxis.com\/wp-content\/uploads\/2025\/05\/terapie_bowen_servicii.jpg\",\"width\":2000,\"height\":933,\"caption\":\"Foto: www.bowen-academy.com\"},{\"@type\":\"BreadcrumbList\",\"@id\":\"https:\/\/ey-praxis.com\/kontakt\/#breadcrumb\",\"itemListElement\":[{\"@type\":\"ListItem\",\"position\":1,\"name\":\"Prima pagin\u0103\",\"item\":\"https:\/\/ey-praxis.com\/\"},{\"@type\":\"ListItem\",\"position\":2,\"name\":\"KONTAKT\"}]},{\"@type\":\"WebSite\",\"@id\":\"https:\/\/ey-praxis.com\/de\/#website\",\"url\":\"https:\/\/ey-praxis.com\/de\/\",\"name\":\"EY-Praxis\",\"description\":\"\",\"potentialAction\":[{\"@type\":\"SearchAction\",\"target\":{\"@type\":\"EntryPoint\",\"urlTemplate\":\"https:\/\/ey-praxis.com\/de\/?s={search_term_string}\"},\"query-input\":{\"@type\":\"PropertyValueSpecification\",\"valueRequired\":true,\"valueName\":\"search_term_string\"}}],\"inLanguage\":\"ro-RO\"}]}<\/script>\n<!-- \/ Yoast SEO plugin. -->","yoast_head_json":{"title":"Kontakt Praxis f\u00fcr Bowen Therapie & Brain Remodeling in Kirchheim","description":"Vereinbare deinen Termin in meiner Praxis in Kirchheim unter Teck. Ich begleite Dich mit Bowen Therapie oder Brain Remodeling auf deinem Weg zu mehr Balance, Klarheit und Wohlbefinden.","robots":{"index":"index","follow":"follow","max-snippet":"max-snippet:-1","max-image-preview":"max-image-preview:large","max-video-preview":"max-video-preview:-1"},"canonical":"https:\/\/ey-praxis.com\/ro\/kontakt\/","og_locale":"ro_RO","og_type":"article","og_title":"Kontakt Praxis f\u00fcr Bowen Therapie & Brain Remodeling in Kirchheim","og_description":"Vereinbare deinen Termin in meiner Praxis in Kirchheim unter Teck. Ich begleite Dich mit Bowen Therapie oder Brain Remodeling auf deinem Weg zu mehr Balance, Klarheit und Wohlbefinden.","og_url":"https:\/\/ey-praxis.com\/ro\/kontakt\/","og_site_name":"EY-Praxis","article_modified_time":"2026-02-05T08:01:52+00:00","og_image":[{"width":2000,"height":933,"url":"https:\/\/ey-praxis.com\/wp-content\/uploads\/2025\/05\/terapie_bowen_servicii.jpg","type":"image\/jpeg"}],"twitter_card":"summary_large_image","twitter_misc":{"Timp estimat pentru citire":"1 minut"},"schema":{"@context":"https:\/\/schema.org","@graph":[{"@type":"WebPage","@id":"https:\/\/ey-praxis.com\/kontakt\/","url":"https:\/\/ey-praxis.com\/kontakt\/","name":"Kontakt Praxis f\u00fcr Bowen Therapie & Brain Remodeling in Kirchheim","isPartOf":{"@id":"https:\/\/ey-praxis.com\/de\/#website"},"primaryImageOfPage":{"@id":"https:\/\/ey-praxis.com\/kontakt\/#primaryimage"},"image":{"@id":"https:\/\/ey-praxis.com\/kontakt\/#primaryimage"},"thumbnailUrl":"https:\/\/ey-praxis.com\/wp-content\/uploads\/2025\/05\/terapie_bowen_servicii.jpg","datePublished":"2017-09-19T14:28:16+00:00","dateModified":"2026-02-05T08:01:52+00:00","description":"Vereinbare deinen Termin in meiner Praxis in Kirchheim unter Teck. Ich begleite Dich mit Bowen Therapie oder Brain Remodeling auf deinem Weg zu mehr Balance, Klarheit und Wohlbefinden.","breadcrumb":{"@id":"https:\/\/ey-praxis.com\/kontakt\/#breadcrumb"},"inLanguage":"ro-RO","potentialAction":[{"@type":"ReadAction","target":["https:\/\/ey-praxis.com\/kontakt\/"]}]},{"@type":"ImageObject","inLanguage":"ro-RO","@id":"https:\/\/ey-praxis.com\/kontakt\/#primaryimage","url":"https:\/\/ey-praxis.com\/wp-content\/uploads\/2025\/05\/terapie_bowen_servicii.jpg","contentUrl":"https:\/\/ey-praxis.com\/wp-content\/uploads\/2025\/05\/terapie_bowen_servicii.jpg","width":2000,"height":933,"caption":"Foto: www.bowen-academy.com"},{"@type":"BreadcrumbList","@id":"https:\/\/ey-praxis.com\/kontakt\/#breadcrumb","itemListElement":[{"@type":"ListItem","position":1,"name":"Prima pagin\u0103","item":"https:\/\/ey-praxis.com\/"},{"@type":"ListItem","position":2,"name":"KONTAKT"}]},{"@type":"WebSite","@id":"https:\/\/ey-praxis.com\/de\/#website","url":"https:\/\/ey-praxis.com\/de\/","name":"EY-Praxis","description":"","potentialAction":[{"@type":"SearchAction","target":{"@type":"EntryPoint","urlTemplate":"https:\/\/ey-praxis.com\/de\/?s={search_term_string}"},"query-input":{"@type":"PropertyValueSpecification","valueRequired":true,"valueName":"search_term_string"}}],"inLanguage":"ro-RO"}]}},"_links":{"self":[{"href":"https:\/\/ey-praxis.com\/ro\/wp-json\/wp\/v2\/pages\/561","targetHints":{"allow":["GET"]}}],"collection":[{"href":"https:\/\/ey-praxis.com\/ro\/wp-json\/wp\/v2\/pages"}],"about":[{"href":"https:\/\/ey-praxis.com\/ro\/wp-json\/wp\/v2\/types\/page"}],"author":[{"embeddable":true,"href":"https:\/\/ey-praxis.com\/ro\/wp-json\/wp\/v2\/users\/2"}],"replies":[{"embeddable":true,"href":"https:\/\/ey-praxis.com\/ro\/wp-json\/wp\/v2\/comments?post=561"}],"version-history":[{"count":37,"href":"https:\/\/ey-praxis.com\/ro\/wp-json\/wp\/v2\/pages\/561\/revisions"}],"predecessor-version":[{"id":4486,"href":"https:\/\/ey-praxis.com\/ro\/wp-json\/wp\/v2\/pages\/561\/revisions\/4486"}],"wp:featuredmedia":[{"embeddable":true,"href":"https:\/\/ey-praxis.com\/ro\/wp-json\/wp\/v2\/media\/3999"}],"wp:attachment":[{"href":"https:\/\/ey-praxis.com\/ro\/wp-json\/wp\/v2\/media?parent=561"}],"curies":[{"name":"wp","href":"https:\/\/api.w.org\/{rel}","templated":true}]}}